{"id":3722,"date":"2024-02-19T12:51:29","date_gmt":"2024-02-19T18:51:29","guid":{"rendered":"https:\/\/libreriahistoriasdebolsillo.com\/?post_type=product&#038;p=3722"},"modified":"2024-04-17T12:59:38","modified_gmt":"2024-04-17T18:59:38","slug":"conversaciones-con-maria","status":"publish","type":"product","link":"https:\/\/libreriahistoriasdebolsillo.com\/index.php\/producto\/conversaciones-con-maria\/","title":{"rendered":"Conversaciones con Mar\u00eda"},"content":{"rendered":"<p><b>Una gu\u00eda necesaria sobre la espiritualidad moderna.<\/b><\/p>\n<p>Anna Raimondi tuvo una\u00a0<b>profunda experiencia\u00a0<\/b>cuando era ni\u00f1a: se escondi\u00f3 en una peque\u00f1a gruta que alguna vez hab\u00eda albergado una estatua de\u00a0<b>la Virgen Mar\u00eda<\/b>\u00a0y, en medio de esa paz, oy\u00f3 una voz gentil y fuerte que le dijo: \u00abAnna, estoy a tu disposici\u00f3n siempre. Acude siempre a m\u00ed\u00bb. Ese fue el principio de la primera conversaci\u00f3n entre ellas, a la que siguieron muchas m\u00e1s, recopiladas en este libro. Todas transmiten el enf\u00e1tico mensaje de Mar\u00eda y su deseo de que todo el mundo lo escuche.<\/p>\n<p><b>Mar\u00eda nos ense\u00f1a importantes verdades acerca de la naturaleza inmortal del alma, la forma correcta de orar y de entregarse a Dios, as\u00ed como revelaciones sobre el cielo, el infierno, el purgatorio y la reencarnaci\u00f3n.<\/b><\/p>\n<p>Las conversaciones de Mar\u00eda con Anna remiten a los sencillos mensajes de amor, perd\u00f3n y paz que Dios nos leg\u00f3 y nos ayudan a encontrar armon\u00eda en nuestra vida diaria.<\/p>\n","protected":false},"excerpt":{"rendered":"<p>Anna Raimondi<\/p>\n","protected":false},"featured_media":3723,"template":"","meta":{"_joinchat":[]},"product_brand":[],"product_cat":[58,41,51],"product_tag":[34],"class_list":{"0":"post-3722","1":"product","2":"type-product","3":"status-publish","4":"has-post-thumbnail","6":"product_cat-desarrollo-humano-y-superacion","7":"product_cat-desarrollo-humano","8":"product_cat-oferta","9":"product_tag-penguin-random-house","11":"first","12":"outofstock","13":"shipping-taxable","14":"purchasable","15":"product-type-simple"},"_links":{"self":[{"href":"https:\/\/libreriahistoriasdebolsillo.com\/index.php\/wp-json\/wp\/v2\/product\/3722","targetHints":{"allow":["GET"]}}],"collection":[{"href":"https:\/\/libreriahistoriasdebolsillo.com\/index.php\/wp-json\/wp\/v2\/product"}],"about":[{"href":"https:\/\/libreriahistoriasdebolsillo.com\/index.php\/wp-json\/wp\/v2\/types\/product"}],"wp:featuredmedia":[{"embeddable":true,"href":"https:\/\/libreriahistoriasdebolsillo.com\/index.php\/wp-json\/wp\/v2\/media\/3723"}],"wp:attachment":[{"href":"https:\/\/libreriahistoriasdebolsillo.com\/index.php\/wp-json\/wp\/v2\/media?parent=3722"}],"wp:term":[{"taxonomy":"product_brand","embeddable":true,"href":"https:\/\/libreriahistoriasdebolsillo.com\/index.php\/wp-json\/wp\/v2\/product_brand?post=3722"},{"taxonomy":"product_cat","embeddable":true,"href":"https:\/\/libreriahistoriasdebolsillo.com\/index.php\/wp-json\/wp\/v2\/product_cat?post=3722"},{"taxonomy":"product_tag","embeddable":true,"href":"https:\/\/libreriahistoriasdebolsillo.com\/index.php\/wp-json\/wp\/v2\/product_tag?post=3722"}],"curies":[{"name":"wp","href":"https:\/\/api.w.org\/{rel}","templated":true}]}}