{"id":3724,"date":"2024-02-19T12:53:34","date_gmt":"2024-02-19T18:53:34","guid":{"rendered":"https:\/\/libreriahistoriasdebolsillo.com\/?post_type=product&#038;p=3724"},"modified":"2024-11-16T14:12:48","modified_gmt":"2024-11-16T20:12:48","slug":"cuando-el-amor-es-mas-fuerte-que-la-muerte-2","status":"publish","type":"product","link":"https:\/\/libreriahistoriasdebolsillo.com\/index.php\/producto\/cuando-el-amor-es-mas-fuerte-que-la-muerte-2\/","title":{"rendered":"Cuando el amor es m\u00e1s fuerte que la muerte"},"content":{"rendered":"<p><b>En este libro est\u00e1 la clave para atravesar la oscuridad del sufrimiento: s\u00f3lo debemos permitir que la luz del amor nos gu\u00ede.<\/b><\/p>\n<p><b>De madres y padres que perdieron a sus hijos e hijas para madres y padres que perdieron a sus hijos e hijas.<\/b><\/p>\n<p>El dolor de perder a un hijo o a una hija es tan grande que ni siquiera hay una palabra para nombrar a los padres y madres que lo padecen. En un intento por describir este sentimiento y darle sentido,\u00a0<b>Marcelo Rittner y Ana Gladys Vargas profundizan en experiencias personales y profesionales sobre el duelo<\/b>, al tiempo que conversan con padres y madres que lo atraviesan, las \u00fanicas personas que saben lo que realmente significa.<\/p>\n<p><b>A trav\u00e9s de estos testimonios, el dolor revela su verdadero rostro<\/b>: el del amor que tenemos por quienes est\u00e1n ausentes. Y as\u00ed sabemos que no todo est\u00e1 perdido, que las formas de amar son infinitas, que a\u00fan hay muchas razones para seguir adelante en esta vida y disfrutar sus ense\u00f1anzas, para estar junto a la familia y amistades que queremos y nos quieren.<\/p>\n","protected":false},"excerpt":{"rendered":"<p>Marcelo Rittner y Ana Gladys Vargas<\/p>\n","protected":false},"featured_media":3725,"template":"","meta":{"_joinchat":[]},"product_brand":[],"product_cat":[58,41,51],"product_tag":[34],"class_list":{"0":"post-3724","1":"product","2":"type-product","3":"status-publish","4":"has-post-thumbnail","6":"product_cat-desarrollo-humano-y-superacion","7":"product_cat-desarrollo-humano","8":"product_cat-oferta","9":"product_tag-penguin-random-house","11":"first","12":"outofstock","13":"shipping-taxable","14":"purchasable","15":"product-type-simple"},"_links":{"self":[{"href":"https:\/\/libreriahistoriasdebolsillo.com\/index.php\/wp-json\/wp\/v2\/product\/3724","targetHints":{"allow":["GET"]}}],"collection":[{"href":"https:\/\/libreriahistoriasdebolsillo.com\/index.php\/wp-json\/wp\/v2\/product"}],"about":[{"href":"https:\/\/libreriahistoriasdebolsillo.com\/index.php\/wp-json\/wp\/v2\/types\/product"}],"wp:featuredmedia":[{"embeddable":true,"href":"https:\/\/libreriahistoriasdebolsillo.com\/index.php\/wp-json\/wp\/v2\/media\/3725"}],"wp:attachment":[{"href":"https:\/\/libreriahistoriasdebolsillo.com\/index.php\/wp-json\/wp\/v2\/media?parent=3724"}],"wp:term":[{"taxonomy":"product_brand","embeddable":true,"href":"https:\/\/libreriahistoriasdebolsillo.com\/index.php\/wp-json\/wp\/v2\/product_brand?post=3724"},{"taxonomy":"product_cat","embeddable":true,"href":"https:\/\/libreriahistoriasdebolsillo.com\/index.php\/wp-json\/wp\/v2\/product_cat?post=3724"},{"taxonomy":"product_tag","embeddable":true,"href":"https:\/\/libreriahistoriasdebolsillo.com\/index.php\/wp-json\/wp\/v2\/product_tag?post=3724"}],"curies":[{"name":"wp","href":"https:\/\/api.w.org\/{rel}","templated":true}]}}