{"id":3730,"date":"2024-02-19T12:59:59","date_gmt":"2024-02-19T18:59:59","guid":{"rendered":"https:\/\/libreriahistoriasdebolsillo.com\/?post_type=product&#038;p=3730"},"modified":"2025-04-05T17:06:50","modified_gmt":"2025-04-05T23:06:50","slug":"las-siete-moradas","status":"publish","type":"product","link":"https:\/\/libreriahistoriasdebolsillo.com\/index.php\/producto\/las-siete-moradas\/","title":{"rendered":"Las siete moradas"},"content":{"rendered":"<p><b>Una invitaci\u00f3n para que encontremos el verdadero yo que habita en nosotros.<\/b><\/p>\n<p><b>Caroline Myss<\/b>\u00a0nos ofrece un\u00a0<b>camino interior<\/b>\u00a0sumamente original para llegar a\u00a0<b>conocernos a nosotros mismos<\/b>. Como esquema principal para este moderno y extraordinario viaje espiritual, Myss se sirve de los queridos y respetados textos de\u00a0<i>El castillo interior<\/i>\u00a0de Teresa de \u00c1vila. Adaptando la visi\u00f3n que santa Teresa ten\u00eda del alma, como un bello castillo de cristal que contiene muchas moradas, Myss nos gu\u00eda de un aposento a otro y nos ayuda a enfrentarnos a diferentes aspectos de\u00a0<b>nuestro yo, nuestra alma y nuestro esp\u00edritu<\/b>, prepar\u00e1ndonos para el definitivo encuentro con Dios y nuestra propia divinidad.<\/p>\n","protected":false},"excerpt":{"rendered":"<p>Caroline Myss<\/p>\n","protected":false},"featured_media":3731,"template":"","meta":{"_joinchat":[]},"product_brand":[],"product_cat":[58,41,51],"product_tag":[34],"class_list":{"0":"post-3730","1":"product","2":"type-product","3":"status-publish","4":"has-post-thumbnail","6":"product_cat-desarrollo-humano-y-superacion","7":"product_cat-desarrollo-humano","8":"product_cat-oferta","9":"product_tag-penguin-random-house","11":"first","12":"outofstock","13":"shipping-taxable","14":"purchasable","15":"product-type-simple"},"_links":{"self":[{"href":"https:\/\/libreriahistoriasdebolsillo.com\/index.php\/wp-json\/wp\/v2\/product\/3730","targetHints":{"allow":["GET"]}}],"collection":[{"href":"https:\/\/libreriahistoriasdebolsillo.com\/index.php\/wp-json\/wp\/v2\/product"}],"about":[{"href":"https:\/\/libreriahistoriasdebolsillo.com\/index.php\/wp-json\/wp\/v2\/types\/product"}],"wp:featuredmedia":[{"embeddable":true,"href":"https:\/\/libreriahistoriasdebolsillo.com\/index.php\/wp-json\/wp\/v2\/media\/3731"}],"wp:attachment":[{"href":"https:\/\/libreriahistoriasdebolsillo.com\/index.php\/wp-json\/wp\/v2\/media?parent=3730"}],"wp:term":[{"taxonomy":"product_brand","embeddable":true,"href":"https:\/\/libreriahistoriasdebolsillo.com\/index.php\/wp-json\/wp\/v2\/product_brand?post=3730"},{"taxonomy":"product_cat","embeddable":true,"href":"https:\/\/libreriahistoriasdebolsillo.com\/index.php\/wp-json\/wp\/v2\/product_cat?post=3730"},{"taxonomy":"product_tag","embeddable":true,"href":"https:\/\/libreriahistoriasdebolsillo.com\/index.php\/wp-json\/wp\/v2\/product_tag?post=3730"}],"curies":[{"name":"wp","href":"https:\/\/api.w.org\/{rel}","templated":true}]}}