{"id":3732,"date":"2024-02-19T13:02:42","date_gmt":"2024-02-19T19:02:42","guid":{"rendered":"https:\/\/libreriahistoriasdebolsillo.com\/?post_type=product&#038;p=3732"},"modified":"2024-05-13T12:04:20","modified_gmt":"2024-05-13T18:04:20","slug":"los-siete-pasos-hacia-el-amor","status":"publish","type":"product","link":"https:\/\/libreriahistoriasdebolsillo.com\/index.php\/producto\/los-siete-pasos-hacia-el-amor\/","title":{"rendered":"Los siete pasos hacia el amor"},"content":{"rendered":"<p><b>El l\u00edder budista m\u00e1s destacado habla de forma elocuente de c\u00f3mo transformar las relaciones de nuestra vida a trav\u00e9s del amor.<\/b><\/p>\n<p>Su Santidad el Dalai Lama, el l\u00edder budista m\u00e1s respetado en todo el mundo y premio Nobel de la Paz, ofrece en este libro las claves del camino que tenemos que seguir para alcanzar la verdadera felicidad y la plenitud en nuestras vidas a trav\u00e9s del amor.<\/p>\n<p>En un proceso escalonado en siete pasos, el Dalai Lama nos ense\u00f1a a ampliar nuestro concepto del amor hasta convertirlo en la quintaesencia de nuestra alegr\u00eda y satisfacci\u00f3n personal: solo si nos despojamos de nuestros prejuicios y aprendemos a volcarnos en los dem\u00e1s desde la compasi\u00f3n, dejando atr\u00e1s los convencionalismos, alcanzaremos la aut\u00e9ntica sabidur\u00eda.<\/p>\n<p>En\u00a0<i>Los siete pasos hacia el amor<\/i>\u00a0el Dalai Lama lanza un mensaje inspirador que nos empuja a abrir nuestros corazones a una nueva e ilimitada experiencia del amor que transformar\u00e1 para siempre nuestras vidas.<\/p>\n<p><b>Abramos nuestros corazones y nuestras mentes a un amor sin l\u00edmites.<\/b><\/p>\n","protected":false},"excerpt":{"rendered":"<p>Dalai Lama<\/p>\n","protected":false},"featured_media":3733,"template":"","meta":{"_joinchat":[]},"product_brand":[],"product_cat":[58,41,51],"product_tag":[34],"class_list":{"0":"post-3732","1":"product","2":"type-product","3":"status-publish","4":"has-post-thumbnail","6":"product_cat-desarrollo-humano-y-superacion","7":"product_cat-desarrollo-humano","8":"product_cat-oferta","9":"product_tag-penguin-random-house","11":"first","12":"outofstock","13":"shipping-taxable","14":"purchasable","15":"product-type-simple"},"_links":{"self":[{"href":"https:\/\/libreriahistoriasdebolsillo.com\/index.php\/wp-json\/wp\/v2\/product\/3732","targetHints":{"allow":["GET"]}}],"collection":[{"href":"https:\/\/libreriahistoriasdebolsillo.com\/index.php\/wp-json\/wp\/v2\/product"}],"about":[{"href":"https:\/\/libreriahistoriasdebolsillo.com\/index.php\/wp-json\/wp\/v2\/types\/product"}],"wp:featuredmedia":[{"embeddable":true,"href":"https:\/\/libreriahistoriasdebolsillo.com\/index.php\/wp-json\/wp\/v2\/media\/3733"}],"wp:attachment":[{"href":"https:\/\/libreriahistoriasdebolsillo.com\/index.php\/wp-json\/wp\/v2\/media?parent=3732"}],"wp:term":[{"taxonomy":"product_brand","embeddable":true,"href":"https:\/\/libreriahistoriasdebolsillo.com\/index.php\/wp-json\/wp\/v2\/product_brand?post=3732"},{"taxonomy":"product_cat","embeddable":true,"href":"https:\/\/libreriahistoriasdebolsillo.com\/index.php\/wp-json\/wp\/v2\/product_cat?post=3732"},{"taxonomy":"product_tag","embeddable":true,"href":"https:\/\/libreriahistoriasdebolsillo.com\/index.php\/wp-json\/wp\/v2\/product_tag?post=3732"}],"curies":[{"name":"wp","href":"https:\/\/api.w.org\/{rel}","templated":true}]}}