{"id":3734,"date":"2024-02-19T13:04:38","date_gmt":"2024-02-19T19:04:38","guid":{"rendered":"https:\/\/libreriahistoriasdebolsillo.com\/?post_type=product&#038;p=3734"},"modified":"2024-05-20T18:32:39","modified_gmt":"2024-05-21T00:32:39","slug":"cincuenta-sombras-de-grey","status":"publish","type":"product","link":"https:\/\/libreriahistoriasdebolsillo.com\/index.php\/producto\/cincuenta-sombras-de-grey\/","title":{"rendered":"Cincuenta sombras de Grey"},"content":{"rendered":"<p><b>Cuando la estudiante de Literatura Anastasia Steele asiste a una entrevista con el joven empresario Christian Grey no imagina que iniciar\u00e1 con \u00e9l un apasionado romance, la obsesi\u00f3n que \u00e9l desarrolla por ella, ni que descubrir\u00e1 las peculiares aficiones sexuales de este reservado hombre de negocios.<\/b><\/p>\n<p><b>Bestseller #1 de\u00a0<i>The New York Times<\/i>, con m\u00e1s de 100 millones de copias vendidas alrededor del mundo.<\/b><\/p>\n<p><b>Con una exitosa adaptaci\u00f3n al cine en 2015, protagonizada por Dakota Johnson y Jamie Dornan, que rompi\u00f3 r\u00e9cords de taquilla.<\/b><\/p>\n<p><b><i>Cincuenta sombras de Grey<\/i>\u00a0es la primera parte de la trilog\u00eda Cincuenta sombras, que contin\u00faa con\u00a0<i>Cincuenta sombras m\u00e1s oscuras<\/i>\u00a0y\u00a0<i>Cincuenta sombras liberadas<\/i>.<\/b><\/p>\n<p>Cuandola estudiante de Literatura\u00a0<b>Anastasia Steele<\/b>\u00a0asiste a una entrevista programada con el joven empresario\u00a0<b>Christian Grey<\/b>, se encuentra con un hombre atractivo, brillante e intimidante. La ingenua e inocente Ana se encuentra perpleja al descubrir que desea a este hombre, a pesar de su enigm\u00e1tica reserva, y que est\u00e1 desesperada por acercarse a \u00e9l. A su vez, incapaz de resistirse a la belleza discreta de Ana, su ingenio y esp\u00edritu independiente, Grey admite que tambi\u00e9n la desea, pero en sus propios t\u00e9rminos.<\/p>\n<p>Intimidada por los singulares intereses er\u00f3ticos de Grey, y a pesar de iniciar con \u00e9l una audaz y apasionado romance, Ana duda al descubrir que a pesar de su \u00e9xito, Christian es un hombre atormentado por sus demonios y consumido por su necesidad de controlar.<\/p>\n","protected":false},"excerpt":{"rendered":"<p>E.L. James<\/p>\n","protected":false},"featured_media":3735,"template":"","meta":{"_joinchat":[]},"product_brand":[],"product_cat":[53,51,35],"product_tag":[34],"class_list":{"0":"post-3734","1":"product","2":"type-product","3":"status-publish","4":"has-post-thumbnail","6":"product_cat-erotica","7":"product_cat-oferta","8":"product_cat-romantica","9":"product_tag-penguin-random-house","11":"first","12":"outofstock","13":"shipping-taxable","14":"purchasable","15":"product-type-simple"},"_links":{"self":[{"href":"https:\/\/libreriahistoriasdebolsillo.com\/index.php\/wp-json\/wp\/v2\/product\/3734","targetHints":{"allow":["GET"]}}],"collection":[{"href":"https:\/\/libreriahistoriasdebolsillo.com\/index.php\/wp-json\/wp\/v2\/product"}],"about":[{"href":"https:\/\/libreriahistoriasdebolsillo.com\/index.php\/wp-json\/wp\/v2\/types\/product"}],"wp:featuredmedia":[{"embeddable":true,"href":"https:\/\/libreriahistoriasdebolsillo.com\/index.php\/wp-json\/wp\/v2\/media\/3735"}],"wp:attachment":[{"href":"https:\/\/libreriahistoriasdebolsillo.com\/index.php\/wp-json\/wp\/v2\/media?parent=3734"}],"wp:term":[{"taxonomy":"product_brand","embeddable":true,"href":"https:\/\/libreriahistoriasdebolsillo.com\/index.php\/wp-json\/wp\/v2\/product_brand?post=3734"},{"taxonomy":"product_cat","embeddable":true,"href":"https:\/\/libreriahistoriasdebolsillo.com\/index.php\/wp-json\/wp\/v2\/product_cat?post=3734"},{"taxonomy":"product_tag","embeddable":true,"href":"https:\/\/libreriahistoriasdebolsillo.com\/index.php\/wp-json\/wp\/v2\/product_tag?post=3734"}],"curies":[{"name":"wp","href":"https:\/\/api.w.org\/{rel}","templated":true}]}}