{"id":3738,"date":"2024-02-19T13:09:30","date_gmt":"2024-02-19T19:09:30","guid":{"rendered":"https:\/\/libreriahistoriasdebolsillo.com\/?post_type=product&#038;p=3738"},"modified":"2024-05-11T13:52:03","modified_gmt":"2024-05-11T19:52:03","slug":"cara-o-cruz-lazaro-cardenas-el-debate-de-la-historia","status":"publish","type":"product","link":"https:\/\/libreriahistoriasdebolsillo.com\/index.php\/producto\/cara-o-cruz-lazaro-cardenas-el-debate-de-la-historia\/","title":{"rendered":"Cara o cruz: L\u00e1zaro C\u00e1rdenas (el debate de la historia)"},"content":{"rendered":"<p><b>\u00bfEl cardenismo realmente implic\u00f3 un cambio radical en la manera de hacer pol\u00edtica en el pa\u00eds o s\u00f3lo una continuaci\u00f3n de lo anterior?<\/b><\/p>\n<p><b>\u00bfHay que entender a L\u00e1zaro C\u00e1rdenas para comprender el M\u00e9xico de hoy?<\/b><\/p>\n<p>\u00abComo la pol\u00edtica distorsiona a la historia y lo que sabemos de L\u00e1zaro C\u00e1rdenas tiene que ver m\u00e1s con el discurso del nuevo gobierno que con la historia, presentamos este volumen de Cara o cruz con la visi\u00f3n de dos j\u00f3venes historiadores que se acercaron a la figura de C\u00e1rdenas para presentarnos su propia interpretaci\u00f3n del personaje. [&#8230;] La historia no es inamovible, es din\u00e1mica, est\u00e1 en constante interpretaci\u00f3n, y desde una perspectiva que busca divulgar el conocimiento y acercarlo a un p\u00fablico amplio, Veka y Francisco llevan a los lectores a conocer a un personaje y un momento que definieron la conformaci\u00f3n del sistema pol\u00edtico que a\u00fan hoy en d\u00eda sigue vigente.\u00bb Alejandro Rosas.<\/p>\n","protected":false},"excerpt":{"rendered":"<p>Veka G. Duncan vs Francisco Robles Gil<\/p>\n","protected":false},"featured_media":3739,"template":"","meta":{"_joinchat":[]},"product_brand":[],"product_cat":[56,51],"product_tag":[34],"class_list":{"0":"post-3738","1":"product","2":"type-product","3":"status-publish","4":"has-post-thumbnail","6":"product_cat-historica","7":"product_cat-oferta","8":"product_tag-penguin-random-house","10":"first","11":"outofstock","12":"shipping-taxable","13":"purchasable","14":"product-type-simple"},"_links":{"self":[{"href":"https:\/\/libreriahistoriasdebolsillo.com\/index.php\/wp-json\/wp\/v2\/product\/3738","targetHints":{"allow":["GET"]}}],"collection":[{"href":"https:\/\/libreriahistoriasdebolsillo.com\/index.php\/wp-json\/wp\/v2\/product"}],"about":[{"href":"https:\/\/libreriahistoriasdebolsillo.com\/index.php\/wp-json\/wp\/v2\/types\/product"}],"wp:featuredmedia":[{"embeddable":true,"href":"https:\/\/libreriahistoriasdebolsillo.com\/index.php\/wp-json\/wp\/v2\/media\/3739"}],"wp:attachment":[{"href":"https:\/\/libreriahistoriasdebolsillo.com\/index.php\/wp-json\/wp\/v2\/media?parent=3738"}],"wp:term":[{"taxonomy":"product_brand","embeddable":true,"href":"https:\/\/libreriahistoriasdebolsillo.com\/index.php\/wp-json\/wp\/v2\/product_brand?post=3738"},{"taxonomy":"product_cat","embeddable":true,"href":"https:\/\/libreriahistoriasdebolsillo.com\/index.php\/wp-json\/wp\/v2\/product_cat?post=3738"},{"taxonomy":"product_tag","embeddable":true,"href":"https:\/\/libreriahistoriasdebolsillo.com\/index.php\/wp-json\/wp\/v2\/product_tag?post=3738"}],"curies":[{"name":"wp","href":"https:\/\/api.w.org\/{rel}","templated":true}]}}