{"id":3740,"date":"2024-02-19T13:11:16","date_gmt":"2024-02-19T19:11:16","guid":{"rendered":"https:\/\/libreriahistoriasdebolsillo.com\/?post_type=product&#038;p=3740"},"modified":"2024-05-11T13:51:57","modified_gmt":"2024-05-11T19:51:57","slug":"cara-o-cruz-santa-anna","status":"publish","type":"product","link":"https:\/\/libreriahistoriasdebolsillo.com\/index.php\/producto\/cara-o-cruz-santa-anna\/","title":{"rendered":"Cara o cruz: Santa Anna"},"content":{"rendered":"<p><b>\u00bfCu\u00e1l fue el momento hist\u00f3rico que le toc\u00f3 vivir a Santa Anna? \u00bfCu\u00e1les fueron las consecuencias que dej\u00f3 tras su paso por el poder?<\/b><\/p>\n<p>El siglo XIX se encarg\u00f3 de\u00a0<b>cavar su tumba<\/b>; el siglo XX de fortalecer el\u00a0<b>desprecio\u00a0<\/b>por \u00e9l. \u00bfEncontrar\u00e1 Santa Anna el\u00a0<b>perd\u00f3n\u00a0<\/b>de la Historia en el siglo XXI?<\/p>\n<p>\u00abA trav\u00e9s de estas p\u00e1ginas, los historiadores Natalia Arroyo Tafolla y Arno Burkholder de la Rosa se adentran en la\u00a0<b>biograf\u00eda pol\u00edtica\u00a0<\/b>y en el momento hist\u00f3rico de Antonio L\u00f3pez de Santa Anna; parten del hecho de que en la historia no hay cosa juzgada, no buscan la reivindicaci\u00f3n del caudillo, sino que tratan de entenderlo dentro del contexto de su \u00e9poca para colocarlo en un lugar que nunca ha tenido, lejos de los ep\u00edtetos como<b>\u00a0traidor o vendepatrias\u00a0<\/b>y mucho m\u00e1s cerca del hombre y sus circunstancias.\u00bb<\/p>\n<p>Alejandro Rosas<\/p>\n","protected":false},"excerpt":{"rendered":"<p>Natalia Arroyo vs Arno Burkholder<\/p>\n","protected":false},"featured_media":3741,"template":"","meta":{"_joinchat":[]},"product_brand":[],"product_cat":[56,51],"product_tag":[34],"class_list":{"0":"post-3740","1":"product","2":"type-product","3":"status-publish","4":"has-post-thumbnail","6":"product_cat-historica","7":"product_cat-oferta","8":"product_tag-penguin-random-house","10":"first","11":"outofstock","12":"shipping-taxable","13":"purchasable","14":"product-type-simple"},"_links":{"self":[{"href":"https:\/\/libreriahistoriasdebolsillo.com\/index.php\/wp-json\/wp\/v2\/product\/3740","targetHints":{"allow":["GET"]}}],"collection":[{"href":"https:\/\/libreriahistoriasdebolsillo.com\/index.php\/wp-json\/wp\/v2\/product"}],"about":[{"href":"https:\/\/libreriahistoriasdebolsillo.com\/index.php\/wp-json\/wp\/v2\/types\/product"}],"wp:featuredmedia":[{"embeddable":true,"href":"https:\/\/libreriahistoriasdebolsillo.com\/index.php\/wp-json\/wp\/v2\/media\/3741"}],"wp:attachment":[{"href":"https:\/\/libreriahistoriasdebolsillo.com\/index.php\/wp-json\/wp\/v2\/media?parent=3740"}],"wp:term":[{"taxonomy":"product_brand","embeddable":true,"href":"https:\/\/libreriahistoriasdebolsillo.com\/index.php\/wp-json\/wp\/v2\/product_brand?post=3740"},{"taxonomy":"product_cat","embeddable":true,"href":"https:\/\/libreriahistoriasdebolsillo.com\/index.php\/wp-json\/wp\/v2\/product_cat?post=3740"},{"taxonomy":"product_tag","embeddable":true,"href":"https:\/\/libreriahistoriasdebolsillo.com\/index.php\/wp-json\/wp\/v2\/product_tag?post=3740"}],"curies":[{"name":"wp","href":"https:\/\/api.w.org\/{rel}","templated":true}]}}