{"id":3742,"date":"2024-02-19T13:12:58","date_gmt":"2024-02-19T19:12:58","guid":{"rendered":"https:\/\/libreriahistoriasdebolsillo.com\/?post_type=product&#038;p=3742"},"modified":"2024-05-11T13:41:40","modified_gmt":"2024-05-11T19:41:40","slug":"cara-o-cruz-miguel-hidalgo","status":"publish","type":"product","link":"https:\/\/libreriahistoriasdebolsillo.com\/index.php\/producto\/cara-o-cruz-miguel-hidalgo\/","title":{"rendered":"Cara o cruz: Miguel Hidalgo"},"content":{"rendered":"<p><b>\u00bfQui\u00e9n y c\u00f3mo era Miguel Hidalgo?<\/b><\/p>\n<p><b>\u00bfHab\u00eda pensado en la Independencia desde el inicio de su movimiento?<\/b><\/p>\n<p><b>\u00bfCu\u00e1les fueron sus influencias?<\/b><\/p>\n<p><b>\u00bfFue su ambici\u00f3n pol\u00edtica y aventurera lo que lo movi\u00f3 a encabezar aquella gesta?<\/b><\/p>\n<p><b>\u00bfQu\u00e9 determin\u00f3 su derrota?<\/b><\/p>\n<p><b>\u00bfPor qu\u00e9 se le sigue considerando el padre de la patria, aun cuando encabez\u00f3 un movimiento militar fallido?<\/b><\/p>\n","protected":false},"excerpt":{"rendered":"<p>Carlos Silva vs Isabel Revuelta<\/p>\n","protected":false},"featured_media":3743,"template":"","meta":{"_joinchat":[]},"product_brand":[],"product_cat":[56,51],"product_tag":[34],"class_list":{"0":"post-3742","1":"product","2":"type-product","3":"status-publish","4":"has-post-thumbnail","6":"product_cat-historica","7":"product_cat-oferta","8":"product_tag-penguin-random-house","10":"first","11":"outofstock","12":"shipping-taxable","13":"purchasable","14":"product-type-simple"},"_links":{"self":[{"href":"https:\/\/libreriahistoriasdebolsillo.com\/index.php\/wp-json\/wp\/v2\/product\/3742","targetHints":{"allow":["GET"]}}],"collection":[{"href":"https:\/\/libreriahistoriasdebolsillo.com\/index.php\/wp-json\/wp\/v2\/product"}],"about":[{"href":"https:\/\/libreriahistoriasdebolsillo.com\/index.php\/wp-json\/wp\/v2\/types\/product"}],"wp:featuredmedia":[{"embeddable":true,"href":"https:\/\/libreriahistoriasdebolsillo.com\/index.php\/wp-json\/wp\/v2\/media\/3743"}],"wp:attachment":[{"href":"https:\/\/libreriahistoriasdebolsillo.com\/index.php\/wp-json\/wp\/v2\/media?parent=3742"}],"wp:term":[{"taxonomy":"product_brand","embeddable":true,"href":"https:\/\/libreriahistoriasdebolsillo.com\/index.php\/wp-json\/wp\/v2\/product_brand?post=3742"},{"taxonomy":"product_cat","embeddable":true,"href":"https:\/\/libreriahistoriasdebolsillo.com\/index.php\/wp-json\/wp\/v2\/product_cat?post=3742"},{"taxonomy":"product_tag","embeddable":true,"href":"https:\/\/libreriahistoriasdebolsillo.com\/index.php\/wp-json\/wp\/v2\/product_tag?post=3742"}],"curies":[{"name":"wp","href":"https:\/\/api.w.org\/{rel}","templated":true}]}}