{"id":3744,"date":"2024-02-19T13:16:05","date_gmt":"2024-02-19T19:16:05","guid":{"rendered":"https:\/\/libreriahistoriasdebolsillo.com\/?post_type=product&#038;p=3744"},"modified":"2026-01-14T14:20:47","modified_gmt":"2026-01-14T20:20:47","slug":"se-busca-novio","status":"publish","type":"product","link":"https:\/\/libreriahistoriasdebolsillo.com\/index.php\/producto\/se-busca-novio\/","title":{"rendered":"Se busca novio"},"content":{"rendered":"<p>Luc pertenece a una familia de estrellas del rock. Su padre se ha pasado veinte a\u00f1os entrando y saliendo de programas de desintoxicaci\u00f3n. Ahora que ha regresado, Luc vuelve a estar en el ojo p\u00fablico y una foto comprometedora lo estropea todo.<\/p>\n<p>Para limpiar su imagen, Luc debe encontrar una relaci\u00f3n bonita y normal&#8230; y Oliver no podr\u00eda ser m\u00e1s bonito y normal. Es abogado, vegetariano y no ha provocado un esc\u00e1ndalo en su vida. Por desgracia, no tienen nada en com\u00fan, as\u00ed que Luc y Oliver hacen un pacto para ser (falsos) novios de cara a la galer\u00eda.<\/p>\n<p>Pero el problema de los noviazgos falsos es que pueden parecerse mucho a uno real. Te acostumbras a alguien, empiezas a enamorarte y no quieres soltarlo nunca.<\/p>\n","protected":false},"excerpt":{"rendered":"<p>Alexis Hall<\/p>\n","protected":false},"featured_media":3745,"template":"","meta":{"_joinchat":[]},"product_brand":[],"product_cat":[52,38],"product_tag":[34],"class_list":{"0":"post-3744","1":"product","2":"type-product","3":"status-publish","4":"has-post-thumbnail","6":"product_cat-juvenil","7":"product_cat-lgbtq","8":"product_tag-penguin-random-house","10":"first","11":"instock","12":"shipping-taxable","13":"purchasable","14":"product-type-simple"},"_links":{"self":[{"href":"https:\/\/libreriahistoriasdebolsillo.com\/index.php\/wp-json\/wp\/v2\/product\/3744","targetHints":{"allow":["GET"]}}],"collection":[{"href":"https:\/\/libreriahistoriasdebolsillo.com\/index.php\/wp-json\/wp\/v2\/product"}],"about":[{"href":"https:\/\/libreriahistoriasdebolsillo.com\/index.php\/wp-json\/wp\/v2\/types\/product"}],"wp:featuredmedia":[{"embeddable":true,"href":"https:\/\/libreriahistoriasdebolsillo.com\/index.php\/wp-json\/wp\/v2\/media\/3745"}],"wp:attachment":[{"href":"https:\/\/libreriahistoriasdebolsillo.com\/index.php\/wp-json\/wp\/v2\/media?parent=3744"}],"wp:term":[{"taxonomy":"product_brand","embeddable":true,"href":"https:\/\/libreriahistoriasdebolsillo.com\/index.php\/wp-json\/wp\/v2\/product_brand?post=3744"},{"taxonomy":"product_cat","embeddable":true,"href":"https:\/\/libreriahistoriasdebolsillo.com\/index.php\/wp-json\/wp\/v2\/product_cat?post=3744"},{"taxonomy":"product_tag","embeddable":true,"href":"https:\/\/libreriahistoriasdebolsillo.com\/index.php\/wp-json\/wp\/v2\/product_tag?post=3744"}],"curies":[{"name":"wp","href":"https:\/\/api.w.org\/{rel}","templated":true}]}}