{"id":3746,"date":"2024-02-19T13:18:05","date_gmt":"2024-02-19T19:18:05","guid":{"rendered":"https:\/\/libreriahistoriasdebolsillo.com\/?post_type=product&#038;p=3746"},"modified":"2025-11-26T18:09:46","modified_gmt":"2025-11-27T00:09:46","slug":"el-estrecho-sendero-entre-deseos","status":"publish","type":"product","link":"https:\/\/libreriahistoriasdebolsillo.com\/index.php\/producto\/el-estrecho-sendero-entre-deseos\/","title":{"rendered":"El estrecho sendero entre deseos"},"content":{"rendered":"<p><b>Patrick<\/b>\u00a0<b>Rothfuss vuelve al mundo<\/b>\u00a0<b>de la Cr\u00f3nica del Asesino de Reyes con una novela protagonizada por Bast, uno de los personajes m\u00e1s queridos de los lectores.<\/b><\/p>\n<p>Si hay algo que Bast sabe hacer es negociar. Verlo hacer un trato es ver trabajar a un artista&#8230;, pero incluso el pincel de un maestro puede errar. Sin embargo, cuando recibe un regalo y lo acepta sin ofrecer nada a cambio, su mundo se tambalea. Pues, aunque sabe regatear, no sabe deberle nada a nadie.<\/p>\n<p>Desde el amanecer a la medianoche, durante el transcurso de un d\u00eda, seguiremos al fata m\u00e1s encantador de la Cr\u00f3nica del Asesino de Reyes mientras baila con el peligro una y otra vez con asombrosa gracilidad.<\/p>\n<p><i>El estrecho sendero entre deseos<\/i>\u00a0es la historia de Bast. En ella, nuestro protagonista sigue a su propio coraz\u00f3n, aunque sea en contra de su buen juicio. Porque, al fin y al cabo, \u00bfde qu\u00e9 sirve la cautela si lo mantiene a uno alejado de la aventura y del placer?<\/p>\n","protected":false},"excerpt":{"rendered":"<p>Patrick Rothfuss<\/p>\n","protected":false},"featured_media":3747,"template":"","meta":{"_joinchat":[]},"product_brand":[],"product_cat":[39],"product_tag":[34],"class_list":{"0":"post-3746","1":"product","2":"type-product","3":"status-publish","4":"has-post-thumbnail","6":"product_cat-fantasia","7":"product_tag-penguin-random-house","9":"first","10":"outofstock","11":"shipping-taxable","12":"purchasable","13":"product-type-simple"},"_links":{"self":[{"href":"https:\/\/libreriahistoriasdebolsillo.com\/index.php\/wp-json\/wp\/v2\/product\/3746","targetHints":{"allow":["GET"]}}],"collection":[{"href":"https:\/\/libreriahistoriasdebolsillo.com\/index.php\/wp-json\/wp\/v2\/product"}],"about":[{"href":"https:\/\/libreriahistoriasdebolsillo.com\/index.php\/wp-json\/wp\/v2\/types\/product"}],"wp:featuredmedia":[{"embeddable":true,"href":"https:\/\/libreriahistoriasdebolsillo.com\/index.php\/wp-json\/wp\/v2\/media\/3747"}],"wp:attachment":[{"href":"https:\/\/libreriahistoriasdebolsillo.com\/index.php\/wp-json\/wp\/v2\/media?parent=3746"}],"wp:term":[{"taxonomy":"product_brand","embeddable":true,"href":"https:\/\/libreriahistoriasdebolsillo.com\/index.php\/wp-json\/wp\/v2\/product_brand?post=3746"},{"taxonomy":"product_cat","embeddable":true,"href":"https:\/\/libreriahistoriasdebolsillo.com\/index.php\/wp-json\/wp\/v2\/product_cat?post=3746"},{"taxonomy":"product_tag","embeddable":true,"href":"https:\/\/libreriahistoriasdebolsillo.com\/index.php\/wp-json\/wp\/v2\/product_tag?post=3746"}],"curies":[{"name":"wp","href":"https:\/\/api.w.org\/{rel}","templated":true}]}}