{"id":3748,"date":"2024-02-19T13:20:05","date_gmt":"2024-02-19T19:20:05","guid":{"rendered":"https:\/\/libreriahistoriasdebolsillo.com\/?post_type=product&#038;p=3748"},"modified":"2026-04-17T16:22:09","modified_gmt":"2026-04-17T22:22:09","slug":"mistborn-1","status":"publish","type":"product","link":"https:\/\/libreriahistoriasdebolsillo.com\/index.php\/producto\/mistborn-1\/","title":{"rendered":"Mistborn 1. Nacidos de la bruma"},"content":{"rendered":"<p><b>LAS BRUMAS GOBIERNAN LA NOCHE.<\/b>\u00a0<b>EL LORD LEGISLADOR DOMINA EL MUNDO.<\/b><\/p>\n<p><b>Durante mil a\u00f1os los skaa han sido esclavizados y viven sumidos en un miedo inevitable.<\/b><\/p>\n<p>Durante mil a\u00f1os el Lord Legislador reina con un poder absoluto gracias al terror, a sus poderes y a su inmortalidad. Le ayudan \u00abobligadores\u00bb e \u00abinquisidores\u00bb, junto a la poderosa magia de la \u00abalomancia\u00bb. Pero los nobles han tenido a menudo trato sexual con j\u00f3venes skaa y, aunque la ley lo proh\u00edbe, algunos de sus bastardos han sobrevivido y heredado los poderes alom\u00e1nticos: son los \u00abnacidos de la bruma\u00bb (mistborns).<\/p>\n<p>Ahora, Kelsier, el \u00absuperviviente\u00bb, el \u00fanico que ha logrado huir de los Pozos de Hathsin, ha encontrado a Vin, una pobre chica skaa con mucha suerte. Tal vez los dos unidos a la rebeli\u00f3n que los skaa intentan desde hace mil a\u00f1os puedan cambiar el mundo y la atroz dominaci\u00f3n del Lord Legislador.<\/p>\n","protected":false},"excerpt":{"rendered":"<p>Brandon Sanderson<\/p>\n","protected":false},"featured_media":3749,"template":"","meta":{"_joinchat":[]},"product_brand":[],"product_cat":[39],"product_tag":[34],"class_list":{"0":"post-3748","1":"product","2":"type-product","3":"status-publish","4":"has-post-thumbnail","6":"product_cat-fantasia","7":"product_tag-penguin-random-house","9":"first","10":"outofstock","11":"shipping-taxable","12":"purchasable","13":"product-type-simple"},"_links":{"self":[{"href":"https:\/\/libreriahistoriasdebolsillo.com\/index.php\/wp-json\/wp\/v2\/product\/3748","targetHints":{"allow":["GET"]}}],"collection":[{"href":"https:\/\/libreriahistoriasdebolsillo.com\/index.php\/wp-json\/wp\/v2\/product"}],"about":[{"href":"https:\/\/libreriahistoriasdebolsillo.com\/index.php\/wp-json\/wp\/v2\/types\/product"}],"wp:featuredmedia":[{"embeddable":true,"href":"https:\/\/libreriahistoriasdebolsillo.com\/index.php\/wp-json\/wp\/v2\/media\/3749"}],"wp:attachment":[{"href":"https:\/\/libreriahistoriasdebolsillo.com\/index.php\/wp-json\/wp\/v2\/media?parent=3748"}],"wp:term":[{"taxonomy":"product_brand","embeddable":true,"href":"https:\/\/libreriahistoriasdebolsillo.com\/index.php\/wp-json\/wp\/v2\/product_brand?post=3748"},{"taxonomy":"product_cat","embeddable":true,"href":"https:\/\/libreriahistoriasdebolsillo.com\/index.php\/wp-json\/wp\/v2\/product_cat?post=3748"},{"taxonomy":"product_tag","embeddable":true,"href":"https:\/\/libreriahistoriasdebolsillo.com\/index.php\/wp-json\/wp\/v2\/product_tag?post=3748"}],"curies":[{"name":"wp","href":"https:\/\/api.w.org\/{rel}","templated":true}]}}