{"id":3752,"date":"2024-02-19T13:24:48","date_gmt":"2024-02-19T19:24:48","guid":{"rendered":"https:\/\/libreriahistoriasdebolsillo.com\/?post_type=product&#038;p=3752"},"modified":"2025-11-26T18:10:04","modified_gmt":"2025-11-27T00:10:04","slug":"supercomunicadores","status":"publish","type":"product","link":"https:\/\/libreriahistoriasdebolsillo.com\/index.php\/producto\/supercomunicadores\/","title":{"rendered":"Supercomunicadores"},"content":{"rendered":"<p><b>\u00bfQu\u00e9 hace que una conversaci\u00f3n funcione? Todos podemos aprender a ser supercomunicadores en la vida y en el trabajo.<\/b><\/p>\n<p><b>Por el autor del best seller\u00a0<i>El poder de los h\u00e1bitos<\/i><\/b>.<\/p>\n<p>La comunicaci\u00f3n es un superpoder que puede ser entrenado y los mejores comunicadores saben distinguir y emplear los tres tipos de conversaciones que existen -la pr\u00e1ctica, la emocional y la social- para conectar con las personas. En este libro aprender\u00e1s por qu\u00e9 hay gente capaz de hacerse o\u00edr y de escuchar a los dem\u00e1s con tanta claridad. Y podr\u00e1s ser uno de ellos.<\/p>\n<p>Charles Duhigg combina una exhaustiva investigaci\u00f3n con su pericia narrativa y nos muestra las habilidades que necesitamos para navegar las conversaciones con m\u00e1s \u00e9xito. El autor nos lleva a los reclutamientos de la CIA, a los debates realizados entre los trabajadores de Netflix y a la sala de guionistas de\u00a0<i>The Big Bang Theory<\/i>\u00a0para mostrarnos c\u00f3mo identificar y aprovechar las capas ocultas que se esconden en cada conversaci\u00f3n. La lecci\u00f3n es simple, pero poderosa: con las herramientas adecuadas, todos podemos conectar con cualquiera.<\/p>\n","protected":false},"excerpt":{"rendered":"<p>Charles Duhigg<\/p>\n","protected":false},"featured_media":3753,"template":"","meta":{"_joinchat":[]},"product_brand":[],"product_cat":[58,41],"product_tag":[34],"class_list":{"0":"post-3752","1":"product","2":"type-product","3":"status-publish","4":"has-post-thumbnail","6":"product_cat-desarrollo-humano-y-superacion","7":"product_cat-desarrollo-humano","8":"product_tag-penguin-random-house","10":"first","11":"outofstock","12":"shipping-taxable","13":"purchasable","14":"product-type-simple"},"_links":{"self":[{"href":"https:\/\/libreriahistoriasdebolsillo.com\/index.php\/wp-json\/wp\/v2\/product\/3752","targetHints":{"allow":["GET"]}}],"collection":[{"href":"https:\/\/libreriahistoriasdebolsillo.com\/index.php\/wp-json\/wp\/v2\/product"}],"about":[{"href":"https:\/\/libreriahistoriasdebolsillo.com\/index.php\/wp-json\/wp\/v2\/types\/product"}],"wp:featuredmedia":[{"embeddable":true,"href":"https:\/\/libreriahistoriasdebolsillo.com\/index.php\/wp-json\/wp\/v2\/media\/3753"}],"wp:attachment":[{"href":"https:\/\/libreriahistoriasdebolsillo.com\/index.php\/wp-json\/wp\/v2\/media?parent=3752"}],"wp:term":[{"taxonomy":"product_brand","embeddable":true,"href":"https:\/\/libreriahistoriasdebolsillo.com\/index.php\/wp-json\/wp\/v2\/product_brand?post=3752"},{"taxonomy":"product_cat","embeddable":true,"href":"https:\/\/libreriahistoriasdebolsillo.com\/index.php\/wp-json\/wp\/v2\/product_cat?post=3752"},{"taxonomy":"product_tag","embeddable":true,"href":"https:\/\/libreriahistoriasdebolsillo.com\/index.php\/wp-json\/wp\/v2\/product_tag?post=3752"}],"curies":[{"name":"wp","href":"https:\/\/api.w.org\/{rel}","templated":true}]}}