{"id":3754,"date":"2024-02-19T13:27:51","date_gmt":"2024-02-19T19:27:51","guid":{"rendered":"https:\/\/libreriahistoriasdebolsillo.com\/?post_type=product&#038;p=3754"},"modified":"2025-11-26T18:10:16","modified_gmt":"2025-11-27T00:10:16","slug":"ciudad-medialuna-3-casa-de-flama-y-sombra","status":"publish","type":"product","link":"https:\/\/libreriahistoriasdebolsillo.com\/index.php\/producto\/ciudad-medialuna-3-casa-de-flama-y-sombra\/","title":{"rendered":"Ciudad medialuna 3. Casa de flama y sombra"},"content":{"rendered":"<p><span class=\"a-text-bold\">Un mundo en la oscuridad. Una chispa ardiente. Un fulgor de las estrellas.<\/span><\/p>\n<p>Bryce Quinlan nunca esper\u00f3 ver un mundo que no fuera Midgard, pero ahora que lo hizo lo \u00fanico que quiere es regresar al suyo. Todo lo que ama est\u00e1 ah\u00ed: su familia, sus amigos, su pareja. Atrapada en un extra\u00f1o mundo nuevo, necesitar\u00e1 hacer acopio de todo su ingenio para poder volver a casa\u2026 y eso no es algo f\u00e1cil cuando no tiene ni idea de en qui\u00e9n puede confiar. Hunt Athalar se ha visto a s\u00ed mismo en bastantes aprietos a lo largo de su vida, pero este podr\u00eda ser el m\u00e1s complicado. Despu\u00e9s de unos pocos meses en los que tuvo todo lo que siempre quiso, ahora est\u00e1 de vuelta en los calabozos de los Asteri, despojado de su libertad y sin tener idea del destino de Bryce. Est\u00e1 desesperado por ayudarla, pero mientras no pueda escapar de la correa de los Asteri, tiene las manos atadas. Literalmente. En esta sexy y emocionante secuela de Casa de tierra y sangre y Casa de cielo y aliento, la serie de Ciudad Medialuna alcanza un nuevo cl\u00edmax.<\/p>\n","protected":false},"excerpt":{"rendered":"<p>Sarah J. Maas<\/p>\n","protected":false},"featured_media":3755,"template":"","meta":{"_joinchat":[]},"product_brand":[],"product_cat":[39,76],"product_tag":[34],"class_list":{"0":"post-3754","1":"product","2":"type-product","3":"status-publish","4":"has-post-thumbnail","6":"product_cat-fantasia","7":"product_cat-romantasy","8":"product_tag-penguin-random-house","10":"first","11":"outofstock","12":"shipping-taxable","13":"purchasable","14":"product-type-simple"},"_links":{"self":[{"href":"https:\/\/libreriahistoriasdebolsillo.com\/index.php\/wp-json\/wp\/v2\/product\/3754","targetHints":{"allow":["GET"]}}],"collection":[{"href":"https:\/\/libreriahistoriasdebolsillo.com\/index.php\/wp-json\/wp\/v2\/product"}],"about":[{"href":"https:\/\/libreriahistoriasdebolsillo.com\/index.php\/wp-json\/wp\/v2\/types\/product"}],"wp:featuredmedia":[{"embeddable":true,"href":"https:\/\/libreriahistoriasdebolsillo.com\/index.php\/wp-json\/wp\/v2\/media\/3755"}],"wp:attachment":[{"href":"https:\/\/libreriahistoriasdebolsillo.com\/index.php\/wp-json\/wp\/v2\/media?parent=3754"}],"wp:term":[{"taxonomy":"product_brand","embeddable":true,"href":"https:\/\/libreriahistoriasdebolsillo.com\/index.php\/wp-json\/wp\/v2\/product_brand?post=3754"},{"taxonomy":"product_cat","embeddable":true,"href":"https:\/\/libreriahistoriasdebolsillo.com\/index.php\/wp-json\/wp\/v2\/product_cat?post=3754"},{"taxonomy":"product_tag","embeddable":true,"href":"https:\/\/libreriahistoriasdebolsillo.com\/index.php\/wp-json\/wp\/v2\/product_tag?post=3754"}],"curies":[{"name":"wp","href":"https:\/\/api.w.org\/{rel}","templated":true}]}}