{"id":3761,"date":"2024-02-21T14:23:40","date_gmt":"2024-02-21T20:23:40","guid":{"rendered":"https:\/\/libreriahistoriasdebolsillo.com\/?post_type=product&#038;p=3761"},"modified":"2025-11-26T18:10:27","modified_gmt":"2025-11-27T00:10:27","slug":"padrino-fugitivo","status":"publish","type":"product","link":"https:\/\/libreriahistoriasdebolsillo.com\/index.php\/producto\/padrino-fugitivo\/","title":{"rendered":"Padrino fugitivo"},"content":{"rendered":"<p>El guionista de Hollywood Sawyer Walsh reconoce una buena historia de amor en cuanto la ve. Pero cuando se trata de la vida real, es un desastre. As\u00ed es como termina de pie en el altar&#8230; mientras su exnovia se casa con su mejor amigo. La presi\u00f3n, el resentimiento y los paparazzi le resultan abrumadores, y antes de que sepa exactamente lo que est\u00e1 haciendo, huye. En busca de calma y pasar desapercibido, Sawyer aterriza en el encantador pueblo de Canoodle, California, donde se cruza con Fallon Long, quien dirige La Caverna, un complejo de caba\u00f1as que se va a pique y la nueva residencia a corto plazo de Sawyer. A medida que Fallon est\u00e1 m\u00e1s cerca de salvar el negocio familiar, se forma un v\u00ednculo innegable entre ella y el apuesto guionista. Pero las presiones de sus obligaciones familiares y la notoriedad de Sawyer podr\u00edan resultar demasiado para cualquiera<\/p>\n<p>\u00bfPODR\u00cdA CANOODLE SER EL ESCENARIO DE UN NUEVO ROMANCE, O EL AMOR VERDADERO ES SOLO UN CLICH\u00c9 DE HOLLYWOOD?<\/p>\n","protected":false},"excerpt":{"rendered":"<p>Meghan Quinn<\/p>\n","protected":false},"featured_media":3762,"template":"","meta":{"_joinchat":[]},"product_brand":[],"product_cat":[35],"product_tag":[48],"class_list":{"0":"post-3761","1":"product","2":"type-product","3":"status-publish","4":"has-post-thumbnail","6":"product_cat-romantica","7":"product_tag-vr-editoras","9":"first","10":"instock","11":"shipping-taxable","12":"purchasable","13":"product-type-simple"},"_links":{"self":[{"href":"https:\/\/libreriahistoriasdebolsillo.com\/index.php\/wp-json\/wp\/v2\/product\/3761","targetHints":{"allow":["GET"]}}],"collection":[{"href":"https:\/\/libreriahistoriasdebolsillo.com\/index.php\/wp-json\/wp\/v2\/product"}],"about":[{"href":"https:\/\/libreriahistoriasdebolsillo.com\/index.php\/wp-json\/wp\/v2\/types\/product"}],"wp:featuredmedia":[{"embeddable":true,"href":"https:\/\/libreriahistoriasdebolsillo.com\/index.php\/wp-json\/wp\/v2\/media\/3762"}],"wp:attachment":[{"href":"https:\/\/libreriahistoriasdebolsillo.com\/index.php\/wp-json\/wp\/v2\/media?parent=3761"}],"wp:term":[{"taxonomy":"product_brand","embeddable":true,"href":"https:\/\/libreriahistoriasdebolsillo.com\/index.php\/wp-json\/wp\/v2\/product_brand?post=3761"},{"taxonomy":"product_cat","embeddable":true,"href":"https:\/\/libreriahistoriasdebolsillo.com\/index.php\/wp-json\/wp\/v2\/product_cat?post=3761"},{"taxonomy":"product_tag","embeddable":true,"href":"https:\/\/libreriahistoriasdebolsillo.com\/index.php\/wp-json\/wp\/v2\/product_tag?post=3761"}],"curies":[{"name":"wp","href":"https:\/\/api.w.org\/{rel}","templated":true}]}}