{"id":3763,"date":"2024-02-21T14:25:48","date_gmt":"2024-02-21T20:25:48","guid":{"rendered":"https:\/\/libreriahistoriasdebolsillo.com\/?post_type=product&#038;p=3763"},"modified":"2025-11-26T18:10:33","modified_gmt":"2025-11-27T00:10:33","slug":"las-peligrosas-damas-de-la-sociedad-wisteria","status":"publish","type":"product","link":"https:\/\/libreriahistoriasdebolsillo.com\/index.php\/producto\/las-peligrosas-damas-de-la-sociedad-wisteria\/","title":{"rendered":"Las peligrosas damas de la sociedad Wisteria"},"content":{"rendered":"<p>En este fant\u00e1stico romance hist\u00f3rico, una ladrona debe salvar a su t\u00eda de un pirata enloquecido y de su encantador y peligroso secuaz. Cecilia Bassingthwaite es la dama victoriana ideal. Tambi\u00e9n es una ladrona. Al igual que las dem\u00e1s peligrosas damas de la sociedad Wisteria, vuela por Inglaterra, bebe t\u00e9, chantajea a sus amigos y tiene unos m\u00e9todos particulares para adquirir tesoros. Claro, tiene un pasado oscuro y traum\u00e1tico, y una t\u00eda controladora, pero en general lleva una vida agradable. Hasta que aparecen los hombres. Y cuando la sociedad Wisteria est\u00e1 en peligro, Cecilia se ver\u00e1 obligada a trabajar en equipo con un apuesto criminal para salvar a las mujeres que la criaron, con la esperanza de demostrarles, de una vez por todas, que es tan canalla como el resto de ellas y as\u00ed lograr su merecido ascenso. Las peligrosas damas de la sociedad Wisteria es una mezcla completamente deliciosa de humor, romance hist\u00f3rico, aventura fant\u00e1stica y t\u00e9, mucho t\u00e9.<\/p>\n","protected":false},"excerpt":{"rendered":"<p>India Holton<\/p>\n","protected":false},"featured_media":3764,"template":"","meta":{"_joinchat":[]},"product_brand":[],"product_cat":[39,35],"product_tag":[48],"class_list":{"0":"post-3763","1":"product","2":"type-product","3":"status-publish","4":"has-post-thumbnail","6":"product_cat-fantasia","7":"product_cat-romantica","8":"product_tag-vr-editoras","10":"first","11":"instock","12":"shipping-taxable","13":"purchasable","14":"product-type-simple"},"_links":{"self":[{"href":"https:\/\/libreriahistoriasdebolsillo.com\/index.php\/wp-json\/wp\/v2\/product\/3763","targetHints":{"allow":["GET"]}}],"collection":[{"href":"https:\/\/libreriahistoriasdebolsillo.com\/index.php\/wp-json\/wp\/v2\/product"}],"about":[{"href":"https:\/\/libreriahistoriasdebolsillo.com\/index.php\/wp-json\/wp\/v2\/types\/product"}],"wp:featuredmedia":[{"embeddable":true,"href":"https:\/\/libreriahistoriasdebolsillo.com\/index.php\/wp-json\/wp\/v2\/media\/3764"}],"wp:attachment":[{"href":"https:\/\/libreriahistoriasdebolsillo.com\/index.php\/wp-json\/wp\/v2\/media?parent=3763"}],"wp:term":[{"taxonomy":"product_brand","embeddable":true,"href":"https:\/\/libreriahistoriasdebolsillo.com\/index.php\/wp-json\/wp\/v2\/product_brand?post=3763"},{"taxonomy":"product_cat","embeddable":true,"href":"https:\/\/libreriahistoriasdebolsillo.com\/index.php\/wp-json\/wp\/v2\/product_cat?post=3763"},{"taxonomy":"product_tag","embeddable":true,"href":"https:\/\/libreriahistoriasdebolsillo.com\/index.php\/wp-json\/wp\/v2\/product_tag?post=3763"}],"curies":[{"name":"wp","href":"https:\/\/api.w.org\/{rel}","templated":true}]}}