{"id":3770,"date":"2024-02-27T14:17:16","date_gmt":"2024-02-27T20:17:16","guid":{"rendered":"https:\/\/libreriahistoriasdebolsillo.com\/?post_type=product&#038;p=3770"},"modified":"2026-02-26T15:02:50","modified_gmt":"2026-02-26T21:02:50","slug":"autoboyography","status":"publish","type":"product","link":"https:\/\/libreriahistoriasdebolsillo.com\/index.php\/producto\/autoboyography\/","title":{"rendered":"Autoboyography"},"content":{"rendered":"<p>Cuando Tanner se muda a una nueva ciudad, debe volver al cl\u00f3set. Aunque es solo temporal y pronto estudiar\u00e1 en un sitio menos conservador donde ser\u00e1 libre de ser \u00e9l mismo, sin tener que ocultar su bisexualidad. Pero, cuando se anota en un prestigioso seminario de escritura y su ayudante no es otro que Sebasti\u00e1n Brother, el joven talento que est\u00e1 a punto de sacudir el mundo literario, su coraz\u00f3n colapsa. Sin embargo, Sebasti\u00e1n es el hijo de un obispo y est\u00e1 a punto de partir a misionar. Es un imposible. \u00bfO no?<\/p>\n","protected":false},"excerpt":{"rendered":"<p>Christina Lauren<\/p>\n","protected":false},"featured_media":3771,"template":"","meta":{"_joinchat":[]},"product_brand":[],"product_cat":[52,38],"product_tag":[48],"class_list":{"0":"post-3770","1":"product","2":"type-product","3":"status-publish","4":"has-post-thumbnail","6":"product_cat-juvenil","7":"product_cat-lgbtq","8":"product_tag-vr-editoras","10":"first","11":"instock","12":"shipping-taxable","13":"purchasable","14":"product-type-simple"},"_links":{"self":[{"href":"https:\/\/libreriahistoriasdebolsillo.com\/index.php\/wp-json\/wp\/v2\/product\/3770","targetHints":{"allow":["GET"]}}],"collection":[{"href":"https:\/\/libreriahistoriasdebolsillo.com\/index.php\/wp-json\/wp\/v2\/product"}],"about":[{"href":"https:\/\/libreriahistoriasdebolsillo.com\/index.php\/wp-json\/wp\/v2\/types\/product"}],"wp:featuredmedia":[{"embeddable":true,"href":"https:\/\/libreriahistoriasdebolsillo.com\/index.php\/wp-json\/wp\/v2\/media\/3771"}],"wp:attachment":[{"href":"https:\/\/libreriahistoriasdebolsillo.com\/index.php\/wp-json\/wp\/v2\/media?parent=3770"}],"wp:term":[{"taxonomy":"product_brand","embeddable":true,"href":"https:\/\/libreriahistoriasdebolsillo.com\/index.php\/wp-json\/wp\/v2\/product_brand?post=3770"},{"taxonomy":"product_cat","embeddable":true,"href":"https:\/\/libreriahistoriasdebolsillo.com\/index.php\/wp-json\/wp\/v2\/product_cat?post=3770"},{"taxonomy":"product_tag","embeddable":true,"href":"https:\/\/libreriahistoriasdebolsillo.com\/index.php\/wp-json\/wp\/v2\/product_tag?post=3770"}],"curies":[{"name":"wp","href":"https:\/\/api.w.org\/{rel}","templated":true}]}}