{"id":3772,"date":"2024-02-27T14:19:19","date_gmt":"2024-02-27T20:19:19","guid":{"rendered":"https:\/\/libreriahistoriasdebolsillo.com\/?post_type=product&#038;p=3772"},"modified":"2025-11-26T18:10:47","modified_gmt":"2025-11-27T00:10:47","slug":"lidera-con-gratitud","status":"publish","type":"product","link":"https:\/\/libreriahistoriasdebolsillo.com\/index.php\/producto\/lidera-con-gratitud\/","title":{"rendered":"Lidera con gratitud"},"content":{"rendered":"<p>El secreto del liderazgo est\u00e1 en la gratitud. Ser agradecido con la vida y con los otros impacta de manera positiva y ayuda a que el dinero, la salud y el optimismo circules activamente en cualquier organizaci\u00f3n. A trav\u00e9s de testimonio y estrategias, este libro te ense\u00f1ar\u00e1 como aumentar la participaci\u00f3n, reducir la rotaci\u00f3n del personal y fomentar el bienestar general de los que te rodean. \u00bfSab\u00edas que con un simple cambio de actitud puedes llevar a tu equipo al siguiente nivel?<\/p>\n","protected":false},"excerpt":{"rendered":"<p>Adrian Gostick y Chester Elton<\/p>\n","protected":false},"featured_media":3773,"template":"","meta":{"_joinchat":[]},"product_brand":[],"product_cat":[58,41],"product_tag":[48],"class_list":{"0":"post-3772","1":"product","2":"type-product","3":"status-publish","4":"has-post-thumbnail","6":"product_cat-desarrollo-humano-y-superacion","7":"product_cat-desarrollo-humano","8":"product_tag-vr-editoras","10":"first","11":"instock","12":"shipping-taxable","13":"purchasable","14":"product-type-simple"},"_links":{"self":[{"href":"https:\/\/libreriahistoriasdebolsillo.com\/index.php\/wp-json\/wp\/v2\/product\/3772","targetHints":{"allow":["GET"]}}],"collection":[{"href":"https:\/\/libreriahistoriasdebolsillo.com\/index.php\/wp-json\/wp\/v2\/product"}],"about":[{"href":"https:\/\/libreriahistoriasdebolsillo.com\/index.php\/wp-json\/wp\/v2\/types\/product"}],"wp:featuredmedia":[{"embeddable":true,"href":"https:\/\/libreriahistoriasdebolsillo.com\/index.php\/wp-json\/wp\/v2\/media\/3773"}],"wp:attachment":[{"href":"https:\/\/libreriahistoriasdebolsillo.com\/index.php\/wp-json\/wp\/v2\/media?parent=3772"}],"wp:term":[{"taxonomy":"product_brand","embeddable":true,"href":"https:\/\/libreriahistoriasdebolsillo.com\/index.php\/wp-json\/wp\/v2\/product_brand?post=3772"},{"taxonomy":"product_cat","embeddable":true,"href":"https:\/\/libreriahistoriasdebolsillo.com\/index.php\/wp-json\/wp\/v2\/product_cat?post=3772"},{"taxonomy":"product_tag","embeddable":true,"href":"https:\/\/libreriahistoriasdebolsillo.com\/index.php\/wp-json\/wp\/v2\/product_tag?post=3772"}],"curies":[{"name":"wp","href":"https:\/\/api.w.org\/{rel}","templated":true}]}}