{"id":3777,"date":"2024-03-01T13:49:32","date_gmt":"2024-03-01T19:49:32","guid":{"rendered":"https:\/\/libreriahistoriasdebolsillo.com\/?post_type=product&#038;p=3777"},"modified":"2026-02-02T14:59:48","modified_gmt":"2026-02-02T20:59:48","slug":"el-negociador-de-las-cinco-herramientas","status":"publish","type":"product","link":"https:\/\/libreriahistoriasdebolsillo.com\/index.php\/producto\/el-negociador-de-las-cinco-herramientas\/","title":{"rendered":"El negociador de las cinco herramientas"},"content":{"rendered":"<p>Prep\u00e1rate para potenciar tu carrera y alcanzar nuevos niveles de \u00e9xito. Desde el arte de la persuasi\u00f3n hasta el uso de tu poder para alcanzar acuerdos, con este libro lograr\u00e1s poner en pr\u00e1ctica las t\u00e9cnicas que transformar\u00e1n tus circunstancias en realidades pr\u00f3speras. Estas cinco herramientas de un buen negociador son habilidades probadas en m\u00faltiples mesas de negociaci\u00f3n que han llevado al \u00e9xito a distintos protagonistas tanto de escenarios pol\u00edticos como financieros. En el mundo empresarial y en la vida cotidiana, la diferencia entre el \u00e9xito y el estancamiento radica en las estrategias que aplicamos. Y aqu\u00ed aprender\u00e1s conocimientos pr\u00e1cticos de casos de estudio inspiradores que te har\u00e1n ganar cualquier mesa de negociaci\u00f3n.<\/p>\n","protected":false},"excerpt":{"rendered":"<p>Rusell Korobkin<\/p>\n","protected":false},"featured_media":3778,"template":"","meta":{"_joinchat":[]},"product_brand":[],"product_cat":[58,41],"product_tag":[48],"class_list":{"0":"post-3777","1":"product","2":"type-product","3":"status-publish","4":"has-post-thumbnail","6":"product_cat-desarrollo-humano-y-superacion","7":"product_cat-desarrollo-humano","8":"product_tag-vr-editoras","10":"first","11":"instock","12":"shipping-taxable","13":"purchasable","14":"product-type-simple"},"_links":{"self":[{"href":"https:\/\/libreriahistoriasdebolsillo.com\/index.php\/wp-json\/wp\/v2\/product\/3777","targetHints":{"allow":["GET"]}}],"collection":[{"href":"https:\/\/libreriahistoriasdebolsillo.com\/index.php\/wp-json\/wp\/v2\/product"}],"about":[{"href":"https:\/\/libreriahistoriasdebolsillo.com\/index.php\/wp-json\/wp\/v2\/types\/product"}],"wp:featuredmedia":[{"embeddable":true,"href":"https:\/\/libreriahistoriasdebolsillo.com\/index.php\/wp-json\/wp\/v2\/media\/3778"}],"wp:attachment":[{"href":"https:\/\/libreriahistoriasdebolsillo.com\/index.php\/wp-json\/wp\/v2\/media?parent=3777"}],"wp:term":[{"taxonomy":"product_brand","embeddable":true,"href":"https:\/\/libreriahistoriasdebolsillo.com\/index.php\/wp-json\/wp\/v2\/product_brand?post=3777"},{"taxonomy":"product_cat","embeddable":true,"href":"https:\/\/libreriahistoriasdebolsillo.com\/index.php\/wp-json\/wp\/v2\/product_cat?post=3777"},{"taxonomy":"product_tag","embeddable":true,"href":"https:\/\/libreriahistoriasdebolsillo.com\/index.php\/wp-json\/wp\/v2\/product_tag?post=3777"}],"curies":[{"name":"wp","href":"https:\/\/api.w.org\/{rel}","templated":true}]}}