{"id":3783,"date":"2024-03-01T13:56:37","date_gmt":"2024-03-01T19:56:37","guid":{"rendered":"https:\/\/libreriahistoriasdebolsillo.com\/?post_type=product&#038;p=3783"},"modified":"2025-02-14T17:55:27","modified_gmt":"2025-02-14T23:55:27","slug":"ningun-problema-como-gestionar-las-emociones-en-el-trabajo","status":"publish","type":"product","link":"https:\/\/libreriahistoriasdebolsillo.com\/index.php\/producto\/ningun-problema-como-gestionar-las-emociones-en-el-trabajo\/","title":{"rendered":"Ning\u00fan problema, c\u00f3mo gestionar las emociones en el trabajo"},"content":{"rendered":"<p>Todos sabemos lo que se siente cuando las emociones nos superan en el lugar de trabajo (desde los celos hasta la inseguridad, pasando por la ansiedad e incluso el p\u00e1nico) sin tener ninguna gu\u00eda que nos ayude a lidiar con ellas de forma eficaz. Pero tambi\u00e9n sabemos que ignorar o reprimir lo que sentimos va en detrimento de la salud, la felicidad y la productividad. Este libro os ayudar\u00e1 a expresar vuestras emociones de forma productiva para que se\u00e1is m\u00e1s felices y tambi\u00e9n m\u00e1s eficaces en el trabajo. Ning\u00fan problema nos ense\u00f1a c\u00f3mo ser la mejor versi\u00f3n de nosotros mismos en el trabajo d\u00eda tras d\u00eda.<\/p>\n","protected":false},"excerpt":{"rendered":"<p>Liz Fosslien y Mollie West Duffy<\/p>\n","protected":false},"featured_media":3784,"template":"","meta":{"_joinchat":[]},"product_brand":[],"product_cat":[58,41],"product_tag":[48],"class_list":{"0":"post-3783","1":"product","2":"type-product","3":"status-publish","4":"has-post-thumbnail","6":"product_cat-desarrollo-humano-y-superacion","7":"product_cat-desarrollo-humano","8":"product_tag-vr-editoras","10":"first","11":"outofstock","12":"shipping-taxable","13":"purchasable","14":"product-type-simple"},"_links":{"self":[{"href":"https:\/\/libreriahistoriasdebolsillo.com\/index.php\/wp-json\/wp\/v2\/product\/3783","targetHints":{"allow":["GET"]}}],"collection":[{"href":"https:\/\/libreriahistoriasdebolsillo.com\/index.php\/wp-json\/wp\/v2\/product"}],"about":[{"href":"https:\/\/libreriahistoriasdebolsillo.com\/index.php\/wp-json\/wp\/v2\/types\/product"}],"wp:featuredmedia":[{"embeddable":true,"href":"https:\/\/libreriahistoriasdebolsillo.com\/index.php\/wp-json\/wp\/v2\/media\/3784"}],"wp:attachment":[{"href":"https:\/\/libreriahistoriasdebolsillo.com\/index.php\/wp-json\/wp\/v2\/media?parent=3783"}],"wp:term":[{"taxonomy":"product_brand","embeddable":true,"href":"https:\/\/libreriahistoriasdebolsillo.com\/index.php\/wp-json\/wp\/v2\/product_brand?post=3783"},{"taxonomy":"product_cat","embeddable":true,"href":"https:\/\/libreriahistoriasdebolsillo.com\/index.php\/wp-json\/wp\/v2\/product_cat?post=3783"},{"taxonomy":"product_tag","embeddable":true,"href":"https:\/\/libreriahistoriasdebolsillo.com\/index.php\/wp-json\/wp\/v2\/product_tag?post=3783"}],"curies":[{"name":"wp","href":"https:\/\/api.w.org\/{rel}","templated":true}]}}