{"id":3785,"date":"2024-03-01T13:58:57","date_gmt":"2024-03-01T19:58:57","guid":{"rendered":"https:\/\/libreriahistoriasdebolsillo.com\/?post_type=product&#038;p=3785"},"modified":"2024-07-31T12:48:46","modified_gmt":"2024-07-31T18:48:46","slug":"el-perdon-guia-para-perdonar-y-ser-mas-felices","status":"publish","type":"product","link":"https:\/\/libreriahistoriasdebolsillo.com\/index.php\/producto\/el-perdon-guia-para-perdonar-y-ser-mas-felices\/","title":{"rendered":"El perd\u00f3n. Gu\u00eda para perdonar y ser m\u00e1s felices"},"content":{"rendered":"<p>La vida nos brinda muchas oportunidades para ser felices, y una de ellas nos llega a trav\u00e9s del perd\u00f3n. Este libro ofrece las claves para perdonar a quien nos ha herido \u2015lo cual no significa necesariamente reconciliarse\u2015, y para perdonarse a uno mismo por los errores cometidos \u2015para lo que debemos aceptarnos \u00edntegramente con todas nuestras debilidades y fortalezas. Aprenderemos a poner en valor las emociones m\u00e1s dif\u00edciles, a entenderlas como parte de la vida y a gestionarlas adecuadamente para liberarnos del sufrimiento. Solo as\u00ed podremos continuar con nuestro camino con plenitud y dignidad, libres y optimistas.<\/p>\n","protected":false},"excerpt":{"rendered":"<p>Carmen Ria\u00f1o Esquiroz<\/p>\n","protected":false},"featured_media":3786,"template":"","meta":{"_joinchat":[]},"product_brand":[],"product_cat":[58,41],"product_tag":[48],"class_list":{"0":"post-3785","1":"product","2":"type-product","3":"status-publish","4":"has-post-thumbnail","6":"product_cat-desarrollo-humano-y-superacion","7":"product_cat-desarrollo-humano","8":"product_tag-vr-editoras","10":"first","11":"instock","12":"shipping-taxable","13":"purchasable","14":"product-type-simple"},"_links":{"self":[{"href":"https:\/\/libreriahistoriasdebolsillo.com\/index.php\/wp-json\/wp\/v2\/product\/3785","targetHints":{"allow":["GET"]}}],"collection":[{"href":"https:\/\/libreriahistoriasdebolsillo.com\/index.php\/wp-json\/wp\/v2\/product"}],"about":[{"href":"https:\/\/libreriahistoriasdebolsillo.com\/index.php\/wp-json\/wp\/v2\/types\/product"}],"wp:featuredmedia":[{"embeddable":true,"href":"https:\/\/libreriahistoriasdebolsillo.com\/index.php\/wp-json\/wp\/v2\/media\/3786"}],"wp:attachment":[{"href":"https:\/\/libreriahistoriasdebolsillo.com\/index.php\/wp-json\/wp\/v2\/media?parent=3785"}],"wp:term":[{"taxonomy":"product_brand","embeddable":true,"href":"https:\/\/libreriahistoriasdebolsillo.com\/index.php\/wp-json\/wp\/v2\/product_brand?post=3785"},{"taxonomy":"product_cat","embeddable":true,"href":"https:\/\/libreriahistoriasdebolsillo.com\/index.php\/wp-json\/wp\/v2\/product_cat?post=3785"},{"taxonomy":"product_tag","embeddable":true,"href":"https:\/\/libreriahistoriasdebolsillo.com\/index.php\/wp-json\/wp\/v2\/product_tag?post=3785"}],"curies":[{"name":"wp","href":"https:\/\/api.w.org\/{rel}","templated":true}]}}