{"id":3787,"date":"2024-03-01T14:01:11","date_gmt":"2024-03-01T20:01:11","guid":{"rendered":"https:\/\/libreriahistoriasdebolsillo.com\/?post_type=product&#038;p=3787"},"modified":"2025-02-14T17:53:37","modified_gmt":"2025-02-14T23:53:37","slug":"el-cerebro-infantil-los-secretos-del-desarrollo-cognitivo","status":"publish","type":"product","link":"https:\/\/libreriahistoriasdebolsillo.com\/index.php\/producto\/el-cerebro-infantil-los-secretos-del-desarrollo-cognitivo\/","title":{"rendered":"El cerebro infantil. Los secretos del desarrollo cognitivo"},"content":{"rendered":"<p>El cerebro de los ni\u00f1os es un \u00f3rgano lleno de vida, sumamente din\u00e1mico y con una gran capacidad para adaptarse a los cambios y a los retos que le deparar\u00e1 el futuro. Desde que nace, el bebe debe adquirir centenares de habilidades, integrarse en su familia y en la sociedad, desarrollar su mente y construirse una personalidad. Su cerebro tiene la plasticidad y las aptitudes necesarias para conseguir todo esto a gran velocidad y de manera simult\u00e1nea. Este libro te acerca a los secretos del cerebro infantil, un \u00f3rgano extremadamente din\u00e1mico y flexible, \u00e1vido de conocimientos y nuevas experiencias.<\/p>\n","protected":false},"excerpt":{"rendered":"<p>Rita Reig Viader<\/p>\n","protected":false},"featured_media":3788,"template":"","meta":{"_joinchat":[]},"product_brand":[],"product_cat":[60,41],"product_tag":[48],"class_list":{"0":"post-3787","1":"product","2":"type-product","3":"status-publish","4":"has-post-thumbnail","6":"product_cat-ciencia","7":"product_cat-desarrollo-humano","8":"product_tag-vr-editoras","10":"first","11":"outofstock","12":"shipping-taxable","13":"purchasable","14":"product-type-simple"},"_links":{"self":[{"href":"https:\/\/libreriahistoriasdebolsillo.com\/index.php\/wp-json\/wp\/v2\/product\/3787","targetHints":{"allow":["GET"]}}],"collection":[{"href":"https:\/\/libreriahistoriasdebolsillo.com\/index.php\/wp-json\/wp\/v2\/product"}],"about":[{"href":"https:\/\/libreriahistoriasdebolsillo.com\/index.php\/wp-json\/wp\/v2\/types\/product"}],"wp:featuredmedia":[{"embeddable":true,"href":"https:\/\/libreriahistoriasdebolsillo.com\/index.php\/wp-json\/wp\/v2\/media\/3788"}],"wp:attachment":[{"href":"https:\/\/libreriahistoriasdebolsillo.com\/index.php\/wp-json\/wp\/v2\/media?parent=3787"}],"wp:term":[{"taxonomy":"product_brand","embeddable":true,"href":"https:\/\/libreriahistoriasdebolsillo.com\/index.php\/wp-json\/wp\/v2\/product_brand?post=3787"},{"taxonomy":"product_cat","embeddable":true,"href":"https:\/\/libreriahistoriasdebolsillo.com\/index.php\/wp-json\/wp\/v2\/product_cat?post=3787"},{"taxonomy":"product_tag","embeddable":true,"href":"https:\/\/libreriahistoriasdebolsillo.com\/index.php\/wp-json\/wp\/v2\/product_tag?post=3787"}],"curies":[{"name":"wp","href":"https:\/\/api.w.org\/{rel}","templated":true}]}}