{"id":3793,"date":"2024-03-01T14:06:29","date_gmt":"2024-03-01T20:06:29","guid":{"rendered":"https:\/\/libreriahistoriasdebolsillo.com\/?post_type=product&#038;p=3793"},"modified":"2025-02-14T17:55:10","modified_gmt":"2025-02-14T23:55:10","slug":"el-juego-de-la-vida-la-sabiduria-del-ajedrez-aplicada-a-la-vida-cotidiana","status":"publish","type":"product","link":"https:\/\/libreriahistoriasdebolsillo.com\/index.php\/producto\/el-juego-de-la-vida-la-sabiduria-del-ajedrez-aplicada-a-la-vida-cotidiana\/","title":{"rendered":"El juego de la vida. La sabidur\u00eda del ajedrez aplicada a la vida cotidiana"},"content":{"rendered":"<p>El tablero de ajedrez es una l\u00facida representaci\u00f3n del juego de la vida. Hay logros que precisan avances peque\u00f1os y humildes, como los del pe\u00f3n; otros que solicitan pasos seguros y contundentes, como los de la reina. Hay p\u00e9rdidas y retrocesos, pero tambi\u00e9n cambios de estrategia que nos devuelven el control de la partida, el poder sobre nuestro destino.<\/p>\n","protected":false},"excerpt":{"rendered":"<p>El tablero de ajedrez es una l\u00facida representaci\u00f3n del juego de la vida. Hay logros que precisan avances peque\u00f1os y humildes, como los del pe\u00f3n; otros que solicitan pasos seguros y contundentes, como los de la reina. Hay p\u00e9rdidas y retrocesos, pero tambi\u00e9n cambios de estrategia que nos devuelven el control de la partida, el [&hellip;]<\/p>\n","protected":false},"featured_media":3794,"template":"","meta":{"_joinchat":[]},"product_brand":[],"product_cat":[58,41],"product_tag":[48],"class_list":{"0":"post-3793","1":"product","2":"type-product","3":"status-publish","4":"has-post-thumbnail","6":"product_cat-desarrollo-humano-y-superacion","7":"product_cat-desarrollo-humano","8":"product_tag-vr-editoras","10":"first","11":"instock","12":"shipping-taxable","13":"purchasable","14":"product-type-simple"},"_links":{"self":[{"href":"https:\/\/libreriahistoriasdebolsillo.com\/index.php\/wp-json\/wp\/v2\/product\/3793","targetHints":{"allow":["GET"]}}],"collection":[{"href":"https:\/\/libreriahistoriasdebolsillo.com\/index.php\/wp-json\/wp\/v2\/product"}],"about":[{"href":"https:\/\/libreriahistoriasdebolsillo.com\/index.php\/wp-json\/wp\/v2\/types\/product"}],"wp:featuredmedia":[{"embeddable":true,"href":"https:\/\/libreriahistoriasdebolsillo.com\/index.php\/wp-json\/wp\/v2\/media\/3794"}],"wp:attachment":[{"href":"https:\/\/libreriahistoriasdebolsillo.com\/index.php\/wp-json\/wp\/v2\/media?parent=3793"}],"wp:term":[{"taxonomy":"product_brand","embeddable":true,"href":"https:\/\/libreriahistoriasdebolsillo.com\/index.php\/wp-json\/wp\/v2\/product_brand?post=3793"},{"taxonomy":"product_cat","embeddable":true,"href":"https:\/\/libreriahistoriasdebolsillo.com\/index.php\/wp-json\/wp\/v2\/product_cat?post=3793"},{"taxonomy":"product_tag","embeddable":true,"href":"https:\/\/libreriahistoriasdebolsillo.com\/index.php\/wp-json\/wp\/v2\/product_tag?post=3793"}],"curies":[{"name":"wp","href":"https:\/\/api.w.org\/{rel}","templated":true}]}}