{"id":3795,"date":"2024-03-04T17:11:25","date_gmt":"2024-03-04T23:11:25","guid":{"rendered":"https:\/\/libreriahistoriasdebolsillo.com\/?post_type=product&#038;p=3795"},"modified":"2024-08-02T17:50:24","modified_gmt":"2024-08-02T23:50:24","slug":"a-la-vida-ganas-a-los-suenos-alas","status":"publish","type":"product","link":"https:\/\/libreriahistoriasdebolsillo.com\/index.php\/producto\/a-la-vida-ganas-a-los-suenos-alas\/","title":{"rendered":"A la vida, ganas; a los sue\u00f1os, alas"},"content":{"rendered":"<p><b>Ojal\u00e1 que el miedo que a veces sientes al enfrentar la vida se transforme en alas con las que puedas volar alto, que las estaciones son para vivirlas y amarlas.<\/b><\/p>\n<p><b>Que la vida es demasiado valiosa como para no tomarse el tiempo de disfrutarla.<\/b><\/p>\n<p>Aunque seamos siempre j\u00f3venes de coraz\u00f3n,\u00a0<b>envejecemos<\/b>. Todo sigue el flujo natural del paso del tiempo: fuimos ni\u00f1os jugando en el parque, seremos ancianos tomando una taza de caf\u00e9&#8230; y en medio se extiende un puente de\u00a0<b>experiencias<\/b>, de\u00a0<b>corazones rotos<\/b>\u00a0y lecciones aprendidas que nos han convertido en las personas que hoy somos y en quienes llegaremos a ser ma\u00f1ana.<\/p>\n<p>Este es un libronarrado por una voz que reflexiona sobre las diferentes\u00a0<b>etapas y vivencias<\/b>\u00a0que nos traspasan a trav\u00e9s de las estaciones de la vida. En\u00a0<i><b>A la vida, ganas; a los sue\u00f1os, alas<\/b><\/i>,\u00a0<b>Alejandro Ord\u00f3\u00f1ez<\/b>\u00a0nos llevar\u00e1 de la mano por la primavera de las posibilidades y el ardor de la adolescencia, por el verano de la plenitud y el\u00a0<b>encuentro con el amor&#8230;<\/b>\u00a0hasta el oto\u00f1o de los desaf\u00edos y la estabilidad y el invierno del fin del camino y las oportunidades pasadas.<\/p>\n<p>Un libro de prosa po\u00e9tica inspirado en las estaciones, que explora el amor, la vida y la muerte seg\u00fan la interpretaci\u00f3n de los diversos ciclos de la naturaleza.<\/p>\n","protected":false},"excerpt":{"rendered":"<p>Alejandro Ordo\u00f1ez<\/p>\n","protected":false},"featured_media":3796,"template":"","meta":{"_joinchat":[]},"product_brand":[],"product_cat":[65],"product_tag":[34],"class_list":{"0":"post-3795","1":"product","2":"type-product","3":"status-publish","4":"has-post-thumbnail","6":"product_cat-poesia","7":"product_tag-penguin-random-house","9":"first","10":"outofstock","11":"shipping-taxable","12":"purchasable","13":"product-type-simple"},"_links":{"self":[{"href":"https:\/\/libreriahistoriasdebolsillo.com\/index.php\/wp-json\/wp\/v2\/product\/3795","targetHints":{"allow":["GET"]}}],"collection":[{"href":"https:\/\/libreriahistoriasdebolsillo.com\/index.php\/wp-json\/wp\/v2\/product"}],"about":[{"href":"https:\/\/libreriahistoriasdebolsillo.com\/index.php\/wp-json\/wp\/v2\/types\/product"}],"wp:featuredmedia":[{"embeddable":true,"href":"https:\/\/libreriahistoriasdebolsillo.com\/index.php\/wp-json\/wp\/v2\/media\/3796"}],"wp:attachment":[{"href":"https:\/\/libreriahistoriasdebolsillo.com\/index.php\/wp-json\/wp\/v2\/media?parent=3795"}],"wp:term":[{"taxonomy":"product_brand","embeddable":true,"href":"https:\/\/libreriahistoriasdebolsillo.com\/index.php\/wp-json\/wp\/v2\/product_brand?post=3795"},{"taxonomy":"product_cat","embeddable":true,"href":"https:\/\/libreriahistoriasdebolsillo.com\/index.php\/wp-json\/wp\/v2\/product_cat?post=3795"},{"taxonomy":"product_tag","embeddable":true,"href":"https:\/\/libreriahistoriasdebolsillo.com\/index.php\/wp-json\/wp\/v2\/product_tag?post=3795"}],"curies":[{"name":"wp","href":"https:\/\/api.w.org\/{rel}","templated":true}]}}