{"id":3797,"date":"2024-03-04T17:14:18","date_gmt":"2024-03-04T23:14:18","guid":{"rendered":"https:\/\/libreriahistoriasdebolsillo.com\/?post_type=product&#038;p=3797"},"modified":"2024-05-21T14:02:19","modified_gmt":"2024-05-21T20:02:19","slug":"cronicas-vampiricas-2-lestat-el-vampiro","status":"publish","type":"product","link":"https:\/\/libreriahistoriasdebolsillo.com\/index.php\/producto\/cronicas-vampiricas-2-lestat-el-vampiro\/","title":{"rendered":"Cr\u00f3nicas vamp\u00edricas 2. Lestat el vampiro"},"content":{"rendered":"<p><b>En esta segunda entrega de las \u00abCr\u00f3nicas Vamp\u00edricas\u00bb descubrimos la vida del enigm\u00e1tico Lestat, a quien conocimos en\u00a0<i>Entrevista con el vampiro<\/i>.<\/b><\/p>\n<p><b>Inmortal y sediento de sangre humana, Lestat ans\u00eda descubrir el secreto de su inmortalidad.<\/b>\u00a0Eso le llevar\u00e1 a recorrer un variado espectro de lugares y entornos sociales que hace de la suya una apasionante biograf\u00eda: desde el lascivo Par\u00eds del siglo XVIII hasta la Roma de Augusto y la Breta\u00f1a de los druidas; desde el Egipto sat\u00e1nico de la prehistoria hasta el mundo fren\u00e9tico de las estrellas del rock&#8230; pr\u00e1cticamente toda la historia.<\/p>\n<p><b>\u00ab<\/b><i>Soy el vampiro Lestat. Soy inmortal. M\u00e1s o menos. La luz del sol, el calor prolongado de un fuego intenso&#8230;, tales cosas podr\u00edan acabar conmigo. Pero tambi\u00e9n podr\u00edan no hacerlo.<\/i><br \/>\n<b>\u00bb<\/b><i>Cuando estoy sediento de sangre, mi aspecto produce verdadero horror: la piel contra\u00edda, las venas como sogas sobre los contornos de mis huesos&#8230; Pero ya no permito que tal cosa suceda, y el \u00fanico indicio de que no soy humano son las u\u00f1as de los dedos<\/i>.<b>\u00bb<\/b><\/p>\n","protected":false},"excerpt":{"rendered":"<p>Anne Rice<\/p>\n","protected":false},"featured_media":3798,"template":"","meta":{"_joinchat":[]},"product_brand":[],"product_cat":[39],"product_tag":[34],"class_list":{"0":"post-3797","1":"product","2":"type-product","3":"status-publish","4":"has-post-thumbnail","6":"product_cat-fantasia","7":"product_tag-penguin-random-house","9":"first","10":"outofstock","11":"shipping-taxable","12":"purchasable","13":"product-type-simple"},"_links":{"self":[{"href":"https:\/\/libreriahistoriasdebolsillo.com\/index.php\/wp-json\/wp\/v2\/product\/3797","targetHints":{"allow":["GET"]}}],"collection":[{"href":"https:\/\/libreriahistoriasdebolsillo.com\/index.php\/wp-json\/wp\/v2\/product"}],"about":[{"href":"https:\/\/libreriahistoriasdebolsillo.com\/index.php\/wp-json\/wp\/v2\/types\/product"}],"wp:featuredmedia":[{"embeddable":true,"href":"https:\/\/libreriahistoriasdebolsillo.com\/index.php\/wp-json\/wp\/v2\/media\/3798"}],"wp:attachment":[{"href":"https:\/\/libreriahistoriasdebolsillo.com\/index.php\/wp-json\/wp\/v2\/media?parent=3797"}],"wp:term":[{"taxonomy":"product_brand","embeddable":true,"href":"https:\/\/libreriahistoriasdebolsillo.com\/index.php\/wp-json\/wp\/v2\/product_brand?post=3797"},{"taxonomy":"product_cat","embeddable":true,"href":"https:\/\/libreriahistoriasdebolsillo.com\/index.php\/wp-json\/wp\/v2\/product_cat?post=3797"},{"taxonomy":"product_tag","embeddable":true,"href":"https:\/\/libreriahistoriasdebolsillo.com\/index.php\/wp-json\/wp\/v2\/product_tag?post=3797"}],"curies":[{"name":"wp","href":"https:\/\/api.w.org\/{rel}","templated":true}]}}