{"id":3801,"date":"2024-03-04T17:20:22","date_gmt":"2024-03-04T23:20:22","guid":{"rendered":"https:\/\/libreriahistoriasdebolsillo.com\/?post_type=product&#038;p=3801"},"modified":"2025-07-28T09:18:21","modified_gmt":"2025-07-28T15:18:21","slug":"las-ventajas-de-ser-invisible","status":"publish","type":"product","link":"https:\/\/libreriahistoriasdebolsillo.com\/index.php\/producto\/las-ventajas-de-ser-invisible\/","title":{"rendered":"Las ventajas de ser invisible"},"content":{"rendered":"<p>Las cartas que escribe Charlie son \u00edntimas y \u00fanicas, hilarantes y devastadoras. Puede que no sepamos en d\u00f3nde vive, ni a qui\u00e9n le escribe pero, poco a poco, iremos conociendo su mundo a trav\u00e9s de ellas: la vida en la preparatoria, las primeras citas, los mixtapes, los dramas familiares y los nuevos amigos.<\/p>\n<p>Un mundo en el que solo es necesario dar con la canci\u00f3n perfecta mientras conduces para\u00a0<b>sentirte<\/b>\u00a0<b>infinito<\/b>.<\/p>\n","protected":false},"excerpt":{"rendered":"<p>Stephen Chobsky<\/p>\n","protected":false},"featured_media":3802,"template":"","meta":{"_joinchat":[]},"product_brand":[],"product_cat":[52],"product_tag":[34],"class_list":{"0":"post-3801","1":"product","2":"type-product","3":"status-publish","4":"has-post-thumbnail","6":"product_cat-juvenil","7":"product_tag-penguin-random-house","9":"first","10":"outofstock","11":"shipping-taxable","12":"purchasable","13":"product-type-simple"},"_links":{"self":[{"href":"https:\/\/libreriahistoriasdebolsillo.com\/index.php\/wp-json\/wp\/v2\/product\/3801","targetHints":{"allow":["GET"]}}],"collection":[{"href":"https:\/\/libreriahistoriasdebolsillo.com\/index.php\/wp-json\/wp\/v2\/product"}],"about":[{"href":"https:\/\/libreriahistoriasdebolsillo.com\/index.php\/wp-json\/wp\/v2\/types\/product"}],"wp:featuredmedia":[{"embeddable":true,"href":"https:\/\/libreriahistoriasdebolsillo.com\/index.php\/wp-json\/wp\/v2\/media\/3802"}],"wp:attachment":[{"href":"https:\/\/libreriahistoriasdebolsillo.com\/index.php\/wp-json\/wp\/v2\/media?parent=3801"}],"wp:term":[{"taxonomy":"product_brand","embeddable":true,"href":"https:\/\/libreriahistoriasdebolsillo.com\/index.php\/wp-json\/wp\/v2\/product_brand?post=3801"},{"taxonomy":"product_cat","embeddable":true,"href":"https:\/\/libreriahistoriasdebolsillo.com\/index.php\/wp-json\/wp\/v2\/product_cat?post=3801"},{"taxonomy":"product_tag","embeddable":true,"href":"https:\/\/libreriahistoriasdebolsillo.com\/index.php\/wp-json\/wp\/v2\/product_tag?post=3801"}],"curies":[{"name":"wp","href":"https:\/\/api.w.org\/{rel}","templated":true}]}}