{"id":3803,"date":"2024-03-04T17:23:22","date_gmt":"2024-03-04T23:23:22","guid":{"rendered":"https:\/\/libreriahistoriasdebolsillo.com\/?post_type=product&#038;p=3803"},"modified":"2025-11-26T18:11:05","modified_gmt":"2025-11-27T00:11:05","slug":"orgullo-prejuicio-tu-y-yo","status":"publish","type":"product","link":"https:\/\/libreriahistoriasdebolsillo.com\/index.php\/producto\/orgullo-prejuicio-tu-y-yo\/","title":{"rendered":"Orgullo, prejuicio, t\u00fa y yo"},"content":{"rendered":"<p><b>\u00bfY si encontrases al amor de tu vida&#8230; en una vida distinta?<\/b><\/p>\n<p>Audrey Cameron vive en Estados Unidos en el a\u00f1o 2023; sus d\u00edas transcurren en la tienda de sus padres, so\u00f1ando con entrar en una universidad de bellas artes y tratando de superar la ruptura con su ex.<\/p>\n<p>Lucy Sinclair vive en la Inglaterra del siglo XIX y no sabe c\u00f3mo escapar de la propuesta de matrimonio de un hombre adinerado que su padre quiere que acepte.<\/p>\n<p>Cuando Audrey despierta un d\u00eda inexplicablemente en el pueblo de Lucy en el siglo XIX, aprender\u00e1n juntas sobre las libertades y las limitaciones que tienen sus respectivos mundos.<\/p>\n<p>Un d\u00eda el amor entre ellas se hace innegable; entonces no solo tendr\u00e1n la misi\u00f3n de traer a Audrey de vuelta al siglo XXI, deber\u00e1n encontrar tambi\u00e9n el valor para quererse.<\/p>\n<p><b>\u00bfPuede triunfar el amor en cualquier circunstancia?<\/b><\/p>\n","protected":false},"excerpt":{"rendered":"<p>Rachel Lippincott<\/p>\n","protected":false},"featured_media":3804,"template":"","meta":{"_joinchat":[]},"product_brand":[],"product_cat":[52,38],"product_tag":[34],"class_list":{"0":"post-3803","1":"product","2":"type-product","3":"status-publish","4":"has-post-thumbnail","6":"product_cat-juvenil","7":"product_cat-lgbtq","8":"product_tag-penguin-random-house","10":"first","11":"outofstock","12":"shipping-taxable","13":"purchasable","14":"product-type-simple"},"_links":{"self":[{"href":"https:\/\/libreriahistoriasdebolsillo.com\/index.php\/wp-json\/wp\/v2\/product\/3803","targetHints":{"allow":["GET"]}}],"collection":[{"href":"https:\/\/libreriahistoriasdebolsillo.com\/index.php\/wp-json\/wp\/v2\/product"}],"about":[{"href":"https:\/\/libreriahistoriasdebolsillo.com\/index.php\/wp-json\/wp\/v2\/types\/product"}],"wp:featuredmedia":[{"embeddable":true,"href":"https:\/\/libreriahistoriasdebolsillo.com\/index.php\/wp-json\/wp\/v2\/media\/3804"}],"wp:attachment":[{"href":"https:\/\/libreriahistoriasdebolsillo.com\/index.php\/wp-json\/wp\/v2\/media?parent=3803"}],"wp:term":[{"taxonomy":"product_brand","embeddable":true,"href":"https:\/\/libreriahistoriasdebolsillo.com\/index.php\/wp-json\/wp\/v2\/product_brand?post=3803"},{"taxonomy":"product_cat","embeddable":true,"href":"https:\/\/libreriahistoriasdebolsillo.com\/index.php\/wp-json\/wp\/v2\/product_cat?post=3803"},{"taxonomy":"product_tag","embeddable":true,"href":"https:\/\/libreriahistoriasdebolsillo.com\/index.php\/wp-json\/wp\/v2\/product_tag?post=3803"}],"curies":[{"name":"wp","href":"https:\/\/api.w.org\/{rel}","templated":true}]}}