{"id":3805,"date":"2024-03-04T17:25:22","date_gmt":"2024-03-04T23:25:22","guid":{"rendered":"https:\/\/libreriahistoriasdebolsillo.com\/?post_type=product&#038;p=3805"},"modified":"2024-05-11T13:40:54","modified_gmt":"2024-05-11T19:40:54","slug":"hijo-de-tigre","status":"publish","type":"product","link":"https:\/\/libreriahistoriasdebolsillo.com\/index.php\/producto\/hijo-de-tigre\/","title":{"rendered":"Hijo de tigre"},"content":{"rendered":"<p><b>En Hijo de tigre descubrimos a un Juan Nepomuceno Almonte que, con mirada nost\u00e1lgica, hace balance sobre su vida: sobre lo que cree de s\u00ed mismo, lo que creen los dem\u00e1s y los hechos verdaderos. El resultado es un v\u00edvido, humano y entra\u00f1able retrato en el que el personaje se despoja y trasciende las etiquetas de patriota o traidor.<\/b><\/p>\n<p>Par\u00eds, 1867.\u00a0<b>Juan Nepomuceno Almonte<\/b>, hijo de Jos\u00e9 Mar\u00eda Morelos y Pav\u00f3n, llega a Francia parasolicitar la ayuda de\u00a0<b>Napole\u00f3n III<\/b>\u00a0con el fin de sostener el\u00a0<b>imperio de Maximiliano<\/b>, sin embargo, no tiene \u00e9xito.<\/p>\n<p>Unos meses despu\u00e9s de la ejecuci\u00f3n del emperador, un grupo clandestino de mexicanos y franceses que busca instaurar el\u00a0<b>Tercer Imperio Mexicano<\/b>, lo contacta para que apoye sus ambiciones.<\/p>\n<p>El enlace entre ellos es un joven y afamado escritor, a quien Almonte narra los grandes acontecimientos de su pasado: el significado de ser\u00a0<b>hijo del Siervo de la Naci\u00f3n<\/b>, su participaci\u00f3n en algunas batallas por la Independencia cuando era apenas un ni\u00f1o, su posterior estancia en\u00a0<b>Nueva Orleans,<\/b>\u00a0los hitos de su carrera militar y pol\u00edtica; as\u00ed como su relaci\u00f3n con\u00a0<b>Santa Anna, Ju\u00e1rez, Maximiliano, Carlota<\/b>\u2026<\/p>\n","protected":false},"excerpt":{"rendered":"<p>Mario Heredia<\/p>\n","protected":false},"featured_media":3806,"template":"","meta":{"_joinchat":[]},"product_brand":[],"product_cat":[33,56,51],"product_tag":[34],"class_list":{"0":"post-3805","1":"product","2":"type-product","3":"status-publish","4":"has-post-thumbnail","6":"product_cat-ficcion-general","7":"product_cat-historica","8":"product_cat-oferta","9":"product_tag-penguin-random-house","11":"first","12":"outofstock","13":"shipping-taxable","14":"purchasable","15":"product-type-simple"},"_links":{"self":[{"href":"https:\/\/libreriahistoriasdebolsillo.com\/index.php\/wp-json\/wp\/v2\/product\/3805","targetHints":{"allow":["GET"]}}],"collection":[{"href":"https:\/\/libreriahistoriasdebolsillo.com\/index.php\/wp-json\/wp\/v2\/product"}],"about":[{"href":"https:\/\/libreriahistoriasdebolsillo.com\/index.php\/wp-json\/wp\/v2\/types\/product"}],"wp:featuredmedia":[{"embeddable":true,"href":"https:\/\/libreriahistoriasdebolsillo.com\/index.php\/wp-json\/wp\/v2\/media\/3806"}],"wp:attachment":[{"href":"https:\/\/libreriahistoriasdebolsillo.com\/index.php\/wp-json\/wp\/v2\/media?parent=3805"}],"wp:term":[{"taxonomy":"product_brand","embeddable":true,"href":"https:\/\/libreriahistoriasdebolsillo.com\/index.php\/wp-json\/wp\/v2\/product_brand?post=3805"},{"taxonomy":"product_cat","embeddable":true,"href":"https:\/\/libreriahistoriasdebolsillo.com\/index.php\/wp-json\/wp\/v2\/product_cat?post=3805"},{"taxonomy":"product_tag","embeddable":true,"href":"https:\/\/libreriahistoriasdebolsillo.com\/index.php\/wp-json\/wp\/v2\/product_tag?post=3805"}],"curies":[{"name":"wp","href":"https:\/\/api.w.org\/{rel}","templated":true}]}}