{"id":3812,"date":"2024-03-04T17:34:24","date_gmt":"2024-03-04T23:34:24","guid":{"rendered":"https:\/\/libreriahistoriasdebolsillo.com\/?post_type=product&#038;p=3812"},"modified":"2025-11-26T18:11:16","modified_gmt":"2025-11-27T00:11:16","slug":"los-chapitos","status":"publish","type":"product","link":"https:\/\/libreriahistoriasdebolsillo.com\/index.php\/producto\/los-chapitos\/","title":{"rendered":"Los chapitos"},"content":{"rendered":"<p><b>Por el autor de<\/b>\u00a0<b>Narcojuniors<\/b><b>.<\/b>\u00a0<b>Los herederos<\/b>\u00a0<b>del poder criminal. <\/b><b>El ejemplo lo puso su padre y ellos no renegaron. La sangre llamaba.<\/b><\/p>\n<p>Se rodearon de los m\u00e1s\u00a0<b>buscados<\/b>\u00a0y, muy pronto, adoptaron su papel. La\u00a0<b>herencia<\/b>\u00a0fue\u00a0<b>criminal<\/b>. Saben usar rifles, escopetas y pistolas, pero la ilegalidad es su mejor arma. Son protegidos por ciudadanos atemorizados y por\u00a0<b>pol\u00edticos corruptos<\/b>. Ya sobornaron a\u00a0<b>diputados<\/b>,\u00a0<b>senadores<\/b>, agentes de la\u00a0<b>Guardia Nacional<\/b>\u00a0y altos mandos de la Defensa. Se han apropiadode comunidades enteras. Son economistas, empresarios, mercad\u00f3logos. Protegen zonas estrat\u00e9gicas, mausoleos familiares y el\u00a0<b>rancho<\/b>\u00a0de La Tuna. Son tranquilos, dicen algunos; son de peligro, refieren otros. Se apropiaron del apodo de su padre, que ahora yace en una celda de tres por dos.<\/p>\n<p>Son los hijos del\u00a0<b>Chapo Guzm\u00e1n<\/b>:<\/p>\n<p>Iv\u00e1n Archivaldo y Jes\u00fas Alfredo Guzm\u00e1n Salazar, y Ovidio y Joaqu\u00edn Guzm\u00e1n L\u00f3pez.<\/p>\n<p>Ellos controlan. Ellos mandan.<\/p>\n<p>No solo en Sinaloa, sino en buena parte de M\u00e9xico.<\/p>\n","protected":false},"excerpt":{"rendered":"<p>Jose Luis Montenegro<\/p>\n","protected":false},"featured_media":3813,"template":"","meta":{"_joinchat":[]},"product_brand":[],"product_cat":[41,64],"product_tag":[34],"class_list":{"0":"post-3812","1":"product","2":"type-product","3":"status-publish","4":"has-post-thumbnail","6":"product_cat-desarrollo-humano","7":"product_cat-periodismo","8":"product_tag-penguin-random-house","10":"first","11":"outofstock","12":"shipping-taxable","13":"purchasable","14":"product-type-simple"},"_links":{"self":[{"href":"https:\/\/libreriahistoriasdebolsillo.com\/index.php\/wp-json\/wp\/v2\/product\/3812","targetHints":{"allow":["GET"]}}],"collection":[{"href":"https:\/\/libreriahistoriasdebolsillo.com\/index.php\/wp-json\/wp\/v2\/product"}],"about":[{"href":"https:\/\/libreriahistoriasdebolsillo.com\/index.php\/wp-json\/wp\/v2\/types\/product"}],"wp:featuredmedia":[{"embeddable":true,"href":"https:\/\/libreriahistoriasdebolsillo.com\/index.php\/wp-json\/wp\/v2\/media\/3813"}],"wp:attachment":[{"href":"https:\/\/libreriahistoriasdebolsillo.com\/index.php\/wp-json\/wp\/v2\/media?parent=3812"}],"wp:term":[{"taxonomy":"product_brand","embeddable":true,"href":"https:\/\/libreriahistoriasdebolsillo.com\/index.php\/wp-json\/wp\/v2\/product_brand?post=3812"},{"taxonomy":"product_cat","embeddable":true,"href":"https:\/\/libreriahistoriasdebolsillo.com\/index.php\/wp-json\/wp\/v2\/product_cat?post=3812"},{"taxonomy":"product_tag","embeddable":true,"href":"https:\/\/libreriahistoriasdebolsillo.com\/index.php\/wp-json\/wp\/v2\/product_tag?post=3812"}],"curies":[{"name":"wp","href":"https:\/\/api.w.org\/{rel}","templated":true}]}}