{"id":3816,"date":"2024-03-04T17:38:44","date_gmt":"2024-03-04T23:38:44","guid":{"rendered":"https:\/\/libreriahistoriasdebolsillo.com\/?post_type=product&#038;p=3816"},"modified":"2024-08-22T17:26:44","modified_gmt":"2024-08-22T23:26:44","slug":"lenguaje-sin-palabras-ed-bolsillo","status":"publish","type":"product","link":"https:\/\/libreriahistoriasdebolsillo.com\/index.php\/producto\/lenguaje-sin-palabras-ed-bolsillo\/","title":{"rendered":"Lenguaje sin palabras (Ed. bolsillo)"},"content":{"rendered":"<p><b>El lenguaje no verbal es determinante para el \u00e9xito o el fracaso en tu vida, en tu trabajo y en tus relaciones.<\/b><\/p>\n<p>Comunicar no s\u00f3lo es dar informaci\u00f3n, sino tambi\u00e9n transmitir, conmover, persuadir, emocionar y hacer sentir a trav\u00e9s de los gestos, la postura y la voz. Tu comunicaci\u00f3n no verbal representa el 93% del impacto que causar\u00e1s en los otros.<\/p>\n<p>\u00bfCu\u00e1ntas veces te ha pasado que alguna persona te dice \u00abs\u00ed\u00bb, pero sospechas que realmente dijo \u00abno\u00bb? El lenguaje sin palabras es el \u00fanico canal de comunicaci\u00f3n en el que es imposible mentir, en el que la gente expresa su yo verdadero, incluso sin darse cuenta; es una herramienta social que ayuda a entender al otro y a conectar mejor con los dem\u00e1s. Este libro te ense\u00f1ar\u00e1 a\u00a0<b>leer las emociones\u00a0<\/b>y a\u00a0<b>interpretar el lenguaje no verbal<\/b>\u00a0de todos los que te rodean para que descifres qu\u00e9 es lo que est\u00e1n transmitiendo de manera inconsciente y c\u00f3mo se sienten en determinadas situaciones:<\/p>\n<p>-Detectar\u00e1s seguridad o inseguridad en las personas.<\/p>\n<p>-Diferenciar\u00e1s si muestran arrogancia o frustraci\u00f3n o si est\u00e1n a la defensiva.<\/p>\n<p>-Sabr\u00e1s si alguien est\u00e1 nervioso, ansioso o preocupado.<\/p>\n<p>-Reconocer\u00e1s si la persona est\u00e1 interesada o muestra indiferencia.<\/p>\n<p>Estas herramientas te permitir\u00e1n tener\u00a0<b>congruencia\u00a0<\/b>entre lo que dices, lo que haces y lo que eres, y te ayudar\u00e1n a\u00a0<b>mejorar la comunicaci\u00f3n\u00a0<\/b>con los que te rodean y a elegir la manera ideal para transmitirtu mensaje. Si sabes reconocer, identificar y mover las emociones de alguien m\u00e1s, ser\u00e1 muy f\u00e1cil venderle,\u00a0<b>persuadirlo\u00a0<\/b>y hasta hacerlo votar por ti.<\/p>\n","protected":false},"excerpt":{"rendered":"<p>B\u00e1rbara Tijerina<\/p>\n","protected":false},"featured_media":3817,"template":"","meta":{"_joinchat":[]},"product_brand":[],"product_cat":[41,51],"product_tag":[34],"class_list":{"0":"post-3816","1":"product","2":"type-product","3":"status-publish","4":"has-post-thumbnail","6":"product_cat-desarrollo-humano","7":"product_cat-oferta","8":"product_tag-penguin-random-house","10":"first","11":"outofstock","12":"shipping-taxable","13":"purchasable","14":"product-type-simple"},"_links":{"self":[{"href":"https:\/\/libreriahistoriasdebolsillo.com\/index.php\/wp-json\/wp\/v2\/product\/3816","targetHints":{"allow":["GET"]}}],"collection":[{"href":"https:\/\/libreriahistoriasdebolsillo.com\/index.php\/wp-json\/wp\/v2\/product"}],"about":[{"href":"https:\/\/libreriahistoriasdebolsillo.com\/index.php\/wp-json\/wp\/v2\/types\/product"}],"wp:featuredmedia":[{"embeddable":true,"href":"https:\/\/libreriahistoriasdebolsillo.com\/index.php\/wp-json\/wp\/v2\/media\/3817"}],"wp:attachment":[{"href":"https:\/\/libreriahistoriasdebolsillo.com\/index.php\/wp-json\/wp\/v2\/media?parent=3816"}],"wp:term":[{"taxonomy":"product_brand","embeddable":true,"href":"https:\/\/libreriahistoriasdebolsillo.com\/index.php\/wp-json\/wp\/v2\/product_brand?post=3816"},{"taxonomy":"product_cat","embeddable":true,"href":"https:\/\/libreriahistoriasdebolsillo.com\/index.php\/wp-json\/wp\/v2\/product_cat?post=3816"},{"taxonomy":"product_tag","embeddable":true,"href":"https:\/\/libreriahistoriasdebolsillo.com\/index.php\/wp-json\/wp\/v2\/product_tag?post=3816"}],"curies":[{"name":"wp","href":"https:\/\/api.w.org\/{rel}","templated":true}]}}