{"id":3820,"date":"2024-03-04T17:43:25","date_gmt":"2024-03-04T23:43:25","guid":{"rendered":"https:\/\/libreriahistoriasdebolsillo.com\/?post_type=product&#038;p=3820"},"modified":"2025-03-01T12:45:38","modified_gmt":"2025-03-01T18:45:38","slug":"simon-snow-1-carry-on","status":"publish","type":"product","link":"https:\/\/libreriahistoriasdebolsillo.com\/index.php\/producto\/simon-snow-1-carry-on\/","title":{"rendered":"Simon Snow 1. Carry on"},"content":{"rendered":"<p><b><i>Carry On\u00a0<\/i>es una historia de amor, profec\u00edas, fantasmas y misterio. Tiene todo lo que esperamos de un libro de Rainbow Rowell&#8230; pero con muchos m\u00e1s monstruos.<\/b><\/p>\n<p><b>Bestseller #1 de\u00a0<i>The New York Times<\/i>. Elegido como Mejor Libro YA 2015 por la revista\u00a0<i>Time<\/i>,\u00a0<i>School Library Journal<\/i>\u00a0y por Barnes &amp; Noble.<\/b><\/p>\n<p><b>El nuevo libro de Rainbow Rowell, con dos de los personajes que conociste en\u00a0<i>Fangirl.<\/i><\/b><\/p>\n<p><b>Simon Snow\u00a0<\/b>es el\u00a0<b>mago<\/b>\u00a0m\u00e1s poderoso del mundo, tiene diecisiete a\u00f1os y es\u00a0<b>el Elegido<\/b>, el \u00fanico que puede salvar la magia. La verdad: Simon es el peor Elegido que a nadie se le pudo haber ocurrido.<\/p>\n<p>Lo \u00fanico que Simon quiere es disfrutar de su \u00faltimo a\u00f1o en\u00a0<b>Watford\u00a0<\/b>antes de morir como un h\u00e9roe, pero no hay manera. Su novia truena con \u00e9l, su mejor amiga quiere que huya, su mentor lo evita&#8230; y\u00a0<b>Baz<\/b>, su archienemigo, se la pasar\u00eda en grande a su costa, pero este a\u00f1o ni siquiera se ha dignado a aparecer por la escuela, el muy idiota. Y Baz ser\u00e1 malvado y un\u00a0<b>vampiro<\/b>\u00a0y un imb\u00e9cil, pero tiene raz\u00f3n: la mayor parte del tiempo Simon ni siquiera puede controlar su magia, \u00bfy se supone que va a salvar al mundo?<\/p>\n<p><b>La cr\u00edtica ha opinado:<\/b><\/p>\n<p>\u00abUna historia brillantemente adictiva y genuinamente rom\u00e1ntica\u00bb &#8211;<i>Revista Time<\/i>&#8211;<\/p>\n<p>\u00abUna Rowell de primer nivel&#8230; casi imposible de dejar de leer\u00bb &#8211;<i>Publishers Weekly<\/i>&#8211;<\/p>\n<p>\u00abPara fans de Harry Potter, de Rainbow Rowell y de las historias de amor y de magia\u00bb &#8211;<i>School Library Journal<\/i>&#8211;<\/p>\n","protected":false},"excerpt":{"rendered":"<p>Rainbow Rowell<\/p>\n","protected":false},"featured_media":3821,"template":"","meta":{"_joinchat":[]},"product_brand":[],"product_cat":[39,38],"product_tag":[34],"class_list":{"0":"post-3820","1":"product","2":"type-product","3":"status-publish","4":"has-post-thumbnail","6":"product_cat-fantasia","7":"product_cat-lgbtq","8":"product_tag-penguin-random-house","10":"first","11":"outofstock","12":"shipping-taxable","13":"purchasable","14":"product-type-simple"},"_links":{"self":[{"href":"https:\/\/libreriahistoriasdebolsillo.com\/index.php\/wp-json\/wp\/v2\/product\/3820","targetHints":{"allow":["GET"]}}],"collection":[{"href":"https:\/\/libreriahistoriasdebolsillo.com\/index.php\/wp-json\/wp\/v2\/product"}],"about":[{"href":"https:\/\/libreriahistoriasdebolsillo.com\/index.php\/wp-json\/wp\/v2\/types\/product"}],"wp:featuredmedia":[{"embeddable":true,"href":"https:\/\/libreriahistoriasdebolsillo.com\/index.php\/wp-json\/wp\/v2\/media\/3821"}],"wp:attachment":[{"href":"https:\/\/libreriahistoriasdebolsillo.com\/index.php\/wp-json\/wp\/v2\/media?parent=3820"}],"wp:term":[{"taxonomy":"product_brand","embeddable":true,"href":"https:\/\/libreriahistoriasdebolsillo.com\/index.php\/wp-json\/wp\/v2\/product_brand?post=3820"},{"taxonomy":"product_cat","embeddable":true,"href":"https:\/\/libreriahistoriasdebolsillo.com\/index.php\/wp-json\/wp\/v2\/product_cat?post=3820"},{"taxonomy":"product_tag","embeddable":true,"href":"https:\/\/libreriahistoriasdebolsillo.com\/index.php\/wp-json\/wp\/v2\/product_tag?post=3820"}],"curies":[{"name":"wp","href":"https:\/\/api.w.org\/{rel}","templated":true}]}}