{"id":3822,"date":"2024-03-04T17:46:04","date_gmt":"2024-03-04T23:46:04","guid":{"rendered":"https:\/\/libreriahistoriasdebolsillo.com\/?post_type=product&#038;p=3822"},"modified":"2026-02-21T13:26:56","modified_gmt":"2026-02-21T19:26:56","slug":"te-daria-el-sol","status":"publish","type":"product","link":"https:\/\/libreriahistoriasdebolsillo.com\/index.php\/producto\/te-daria-el-sol\/","title":{"rendered":"Te dar\u00eda el sol"},"content":{"rendered":"<p><b>La historia de dos mellizos muy diferentes, uno introvertido y gay, la otra muy lanzada y decidida, y de c\u00f3mo sus vidas se separan para volver a encontrarse a\u00f1os m\u00e1s tarde.<\/b><\/p>\n<p><b>Una novela salvaje y profundamente conmovedora, con una brillante historia sobre el primer amor, la familia y la traici\u00f3n.<\/b><\/p>\n<p><b>Ganadora del Premio Printz \u00abpor Excelencia en Literatura Young Adult\u00bb.<\/b><\/p>\n<p>Noah y su hermana gemela Jude son inseparables. El solitario Noah dibuja sin parar, y se ha enamorado en secreto de su enigm\u00e1tico vecino. La atrevida Jude salta desde alt\u00edsimos acantilados, se pinta los labios de rojo y habla hasta por los codos.<\/p>\n<p>Pero tres a\u00f1os despu\u00e9s, a los 16, los hermanos ya no se hablan. Algo pas\u00f3 entre ellos que arruin\u00f3 dram\u00e1ticamente su relaci\u00f3n y los llev\u00f3 por caminos diferentes. Entonces Jude conoce a un chico guapo, fr\u00e1gil y arrogante&#8230; y a alguien m\u00e1s, una nueva fuerza en su vida, todav\u00eda m\u00e1s impredecible y ligada a su pasado de forma inevitable.<\/p>\n<p>Los primeros a\u00f1os de esta historia los cuenta Noah; los \u00faltimos, Jude. Lo que ninguno comprende es que apenas conocen la mitad de la historia. Si tan s\u00f3lo pudieran compartirla&#8230;<\/p>\n","protected":false},"excerpt":{"rendered":"<p>Jandy Nelson<\/p>\n","protected":false},"featured_media":3823,"template":"","meta":{"_joinchat":[]},"product_brand":[],"product_cat":[52,38,51],"product_tag":[34],"class_list":{"0":"post-3822","1":"product","2":"type-product","3":"status-publish","4":"has-post-thumbnail","6":"product_cat-juvenil","7":"product_cat-lgbtq","8":"product_cat-oferta","9":"product_tag-penguin-random-house","11":"first","12":"outofstock","13":"sale","14":"shipping-taxable","15":"purchasable","16":"product-type-simple"},"_links":{"self":[{"href":"https:\/\/libreriahistoriasdebolsillo.com\/index.php\/wp-json\/wp\/v2\/product\/3822","targetHints":{"allow":["GET"]}}],"collection":[{"href":"https:\/\/libreriahistoriasdebolsillo.com\/index.php\/wp-json\/wp\/v2\/product"}],"about":[{"href":"https:\/\/libreriahistoriasdebolsillo.com\/index.php\/wp-json\/wp\/v2\/types\/product"}],"wp:featuredmedia":[{"embeddable":true,"href":"https:\/\/libreriahistoriasdebolsillo.com\/index.php\/wp-json\/wp\/v2\/media\/3823"}],"wp:attachment":[{"href":"https:\/\/libreriahistoriasdebolsillo.com\/index.php\/wp-json\/wp\/v2\/media?parent=3822"}],"wp:term":[{"taxonomy":"product_brand","embeddable":true,"href":"https:\/\/libreriahistoriasdebolsillo.com\/index.php\/wp-json\/wp\/v2\/product_brand?post=3822"},{"taxonomy":"product_cat","embeddable":true,"href":"https:\/\/libreriahistoriasdebolsillo.com\/index.php\/wp-json\/wp\/v2\/product_cat?post=3822"},{"taxonomy":"product_tag","embeddable":true,"href":"https:\/\/libreriahistoriasdebolsillo.com\/index.php\/wp-json\/wp\/v2\/product_tag?post=3822"}],"curies":[{"name":"wp","href":"https:\/\/api.w.org\/{rel}","templated":true}]}}