{"id":3826,"date":"2024-03-04T17:52:09","date_gmt":"2024-03-04T23:52:09","guid":{"rendered":"https:\/\/libreriahistoriasdebolsillo.com\/?post_type=product&#038;p=3826"},"modified":"2026-02-05T15:09:34","modified_gmt":"2026-02-05T21:09:34","slug":"hannibal-lecter-0-el-origen-del-mal","status":"publish","type":"product","link":"https:\/\/libreriahistoriasdebolsillo.com\/index.php\/producto\/hannibal-lecter-0-el-origen-del-mal\/","title":{"rendered":"Hannibal Lecter 0. El origen del mal"},"content":{"rendered":"<p><b>Todo empez\u00f3 con la venganza. <\/b><b>Por el autor de\u00a0<i>El silencio de los corderos<\/i>\u00a0y\u00a0<i>Hannibal.<\/i><\/b><\/p>\n<p>Hannibal Lecter, hu\u00e9rfano y testigo de barbaridades indescriptibles, sobrevive al vendaval de la Segunda Guerra Mundial en Europa del Este. Al terminar el conflicto su t\u00edo lo localiza en un orfanato sovi\u00e9tico y lo lleva a Par\u00eds para vivir con \u00e9l y su bella esposa, lady Murasaki. Ella lo cuida y, con su apoyo,\u00a0<b>Hannibal\u00a0<\/b>se convertir\u00e1 en el alumno m\u00e1s joven y m\u00e1s dotado de la facultad de medicina de Par\u00eds. Sin embargo, \u00e9l\u00a0<b>nunca podr\u00e1 olvidar lo que ha vivido<\/b>. Sus demonios lo atormentan constantemente y exigen\u00a0<b>venganza<\/b>. Y el joven estudiante comienza a desarrollar sorprendentes y exquisitos talentos para cumplirla.<\/p>\n<p>\u00abCon precisi\u00f3n de cirujano, Harris abre su palabra diseccionadora, anal\u00edtica y eficaz, creando una atm\u00f3sfera de suspense que atrapa al lector y le conduce por las estancias del palacio de la mente de un ser terrible.\u00bb<i>\u00a0El Cultural<\/i><\/p>\n","protected":false},"excerpt":{"rendered":"<p>Thomas Harris<\/p>\n","protected":false},"featured_media":3827,"template":"","meta":{"_joinchat":[]},"product_brand":[],"product_cat":[37],"product_tag":[34],"class_list":{"0":"post-3826","1":"product","2":"type-product","3":"status-publish","4":"has-post-thumbnail","6":"product_cat-misterio-y-thriller","7":"product_tag-penguin-random-house","9":"first","10":"outofstock","11":"shipping-taxable","12":"purchasable","13":"product-type-simple"},"_links":{"self":[{"href":"https:\/\/libreriahistoriasdebolsillo.com\/index.php\/wp-json\/wp\/v2\/product\/3826","targetHints":{"allow":["GET"]}}],"collection":[{"href":"https:\/\/libreriahistoriasdebolsillo.com\/index.php\/wp-json\/wp\/v2\/product"}],"about":[{"href":"https:\/\/libreriahistoriasdebolsillo.com\/index.php\/wp-json\/wp\/v2\/types\/product"}],"wp:featuredmedia":[{"embeddable":true,"href":"https:\/\/libreriahistoriasdebolsillo.com\/index.php\/wp-json\/wp\/v2\/media\/3827"}],"wp:attachment":[{"href":"https:\/\/libreriahistoriasdebolsillo.com\/index.php\/wp-json\/wp\/v2\/media?parent=3826"}],"wp:term":[{"taxonomy":"product_brand","embeddable":true,"href":"https:\/\/libreriahistoriasdebolsillo.com\/index.php\/wp-json\/wp\/v2\/product_brand?post=3826"},{"taxonomy":"product_cat","embeddable":true,"href":"https:\/\/libreriahistoriasdebolsillo.com\/index.php\/wp-json\/wp\/v2\/product_cat?post=3826"},{"taxonomy":"product_tag","embeddable":true,"href":"https:\/\/libreriahistoriasdebolsillo.com\/index.php\/wp-json\/wp\/v2\/product_tag?post=3826"}],"curies":[{"name":"wp","href":"https:\/\/api.w.org\/{rel}","templated":true}]}}