{"id":3828,"date":"2024-03-04T17:54:02","date_gmt":"2024-03-04T23:54:02","guid":{"rendered":"https:\/\/libreriahistoriasdebolsillo.com\/?post_type=product&#038;p=3828"},"modified":"2026-02-05T15:09:58","modified_gmt":"2026-02-05T21:09:58","slug":"hannibal-lecter-1-el-dragon-rojo","status":"publish","type":"product","link":"https:\/\/libreriahistoriasdebolsillo.com\/index.php\/producto\/hannibal-lecter-1-el-dragon-rojo\/","title":{"rendered":"Hannibal Lecter 1. El drag\u00f3n rojo"},"content":{"rendered":"<p><b>Por el autor de\u00a0<\/b><i><b>El silencio de los corderos<\/b><\/i><b>\u00a0y\u00a0<\/b><i><b>Hannibal, El drag\u00f3n rojo<\/b><\/i><b>\u00a0es una novela de misterio y suspense donde Thomas Harris nos presenta por primera vez al asesino en serie Dr. Hannibal Lecter.<\/b><\/p>\n<p>Sin una raz\u00f3n de peso, el<b>\u00a0agente especial Jack Crawford<\/b>\u00a0no habr\u00eda turbado la apacible existencia y el anonimato de\u00a0<b>Will Graham<\/b>, el hombre que hab\u00eda conseguido desenmascarar al psic\u00f3pata doctor Lecter, m\u00e1s conocido en los medios de comunicaci\u00f3n como\u00a0<b>Hannibal el Can\u00edbal.<\/b><\/p>\n<p>En efecto, las circunstancias que rodean los asesinatos de dos familias en Birmingham y en Atlanta convierten al investigador Graham en un hombre imprescindible para el equipo de detectives que investigan el perfil psicol\u00f3gico del monstruo, el<b>\u00a0Drag\u00f3n Rojo<\/b>, y las<b>\u00a0horribles mutilaciones<\/b>\u00a0que inflige a sus v\u00edctimas.<\/p>\n","protected":false},"excerpt":{"rendered":"<p>Thomas Harris<\/p>\n","protected":false},"featured_media":3829,"template":"","meta":{"_joinchat":[]},"product_brand":[],"product_cat":[37],"product_tag":[34],"class_list":{"0":"post-3828","1":"product","2":"type-product","3":"status-publish","4":"has-post-thumbnail","6":"product_cat-misterio-y-thriller","7":"product_tag-penguin-random-house","9":"first","10":"outofstock","11":"shipping-taxable","12":"purchasable","13":"product-type-simple"},"_links":{"self":[{"href":"https:\/\/libreriahistoriasdebolsillo.com\/index.php\/wp-json\/wp\/v2\/product\/3828","targetHints":{"allow":["GET"]}}],"collection":[{"href":"https:\/\/libreriahistoriasdebolsillo.com\/index.php\/wp-json\/wp\/v2\/product"}],"about":[{"href":"https:\/\/libreriahistoriasdebolsillo.com\/index.php\/wp-json\/wp\/v2\/types\/product"}],"wp:featuredmedia":[{"embeddable":true,"href":"https:\/\/libreriahistoriasdebolsillo.com\/index.php\/wp-json\/wp\/v2\/media\/3829"}],"wp:attachment":[{"href":"https:\/\/libreriahistoriasdebolsillo.com\/index.php\/wp-json\/wp\/v2\/media?parent=3828"}],"wp:term":[{"taxonomy":"product_brand","embeddable":true,"href":"https:\/\/libreriahistoriasdebolsillo.com\/index.php\/wp-json\/wp\/v2\/product_brand?post=3828"},{"taxonomy":"product_cat","embeddable":true,"href":"https:\/\/libreriahistoriasdebolsillo.com\/index.php\/wp-json\/wp\/v2\/product_cat?post=3828"},{"taxonomy":"product_tag","embeddable":true,"href":"https:\/\/libreriahistoriasdebolsillo.com\/index.php\/wp-json\/wp\/v2\/product_tag?post=3828"}],"curies":[{"name":"wp","href":"https:\/\/api.w.org\/{rel}","templated":true}]}}