{"id":3832,"date":"2024-03-04T18:00:12","date_gmt":"2024-03-05T00:00:12","guid":{"rendered":"https:\/\/libreriahistoriasdebolsillo.com\/?post_type=product&#038;p=3832"},"modified":"2024-08-06T13:44:34","modified_gmt":"2024-08-06T19:44:34","slug":"mujeres-que-matan","status":"publish","type":"product","link":"https:\/\/libreriahistoriasdebolsillo.com\/index.php\/producto\/mujeres-que-matan\/","title":{"rendered":"Mujeres que matan"},"content":{"rendered":"<p><b>En una ciudad sin nombre, desolada por la violencia y el hambre, en manos de un Alto Mando que por momentos recuerda al Gran Hermano de Orwell, un grupo de mujeres decide crear un club de lectura.<\/b><\/p>\n<p>La aventura literaria deviene pronto en un medio para escapar de la angustia cotidiana de esta\u00a0<b>distop\u00eda caribe\u00f1a<\/b>. Un primer crimen fortuito las convierte en c\u00f3mplices y la lectura de un libro de autoayuda, en\u00a0<b>asesinas<\/b>. La inquietante pregunta que recorre estas p\u00e1ginas de manera impl\u00edcita es que toda mujer, en nuestras\u00a0<b>sociedades impunes y machistas,<\/b>\u00a0esconde un deseo latente de venganza; toda mujer tiene un\u00a0<b>crimen pendiente<\/b>. La novela tambi\u00e9n discute el valor terap\u00e9utico de la literatura, las m\u00faltiples formas del deseo y el fraude moral de los libros de \u00abdesarrollo personal\u00bb.<\/p>\n<p>Con una sensibilidad \u00fanica para entender el\u00a0<b>universo femenino,<\/b>\u00a0sus gestos \u00edntimos y sus deseos m\u00e1s oscuros, con el trepidante ritmo de un\u00a0<b>thriller\u00a0<\/b>y con la profundidad anal\u00edtica de un testigo alerta de nuestros d\u00edas,\u00a0<i>Mujeres que matan\u00a0<\/i>es la confirmaci\u00f3n del venezolano Alberto Barrera Tyszka como uno de los grandes narradores de nuestra lengua.<\/p>\n","protected":false},"excerpt":{"rendered":"<p>Alberto Barrera Tyszka<\/p>\n","protected":false},"featured_media":3833,"template":"","meta":{"_joinchat":[]},"product_brand":[],"product_cat":[79,37,51],"product_tag":[34],"class_list":{"0":"post-3832","1":"product","2":"type-product","3":"status-publish","4":"has-post-thumbnail","6":"product_cat-campana-punto-naranja","7":"product_cat-misterio-y-thriller","8":"product_cat-oferta","9":"product_tag-penguin-random-house","11":"first","12":"outofstock","13":"sale","14":"shipping-taxable","15":"purchasable","16":"product-type-simple"},"_links":{"self":[{"href":"https:\/\/libreriahistoriasdebolsillo.com\/index.php\/wp-json\/wp\/v2\/product\/3832","targetHints":{"allow":["GET"]}}],"collection":[{"href":"https:\/\/libreriahistoriasdebolsillo.com\/index.php\/wp-json\/wp\/v2\/product"}],"about":[{"href":"https:\/\/libreriahistoriasdebolsillo.com\/index.php\/wp-json\/wp\/v2\/types\/product"}],"wp:featuredmedia":[{"embeddable":true,"href":"https:\/\/libreriahistoriasdebolsillo.com\/index.php\/wp-json\/wp\/v2\/media\/3833"}],"wp:attachment":[{"href":"https:\/\/libreriahistoriasdebolsillo.com\/index.php\/wp-json\/wp\/v2\/media?parent=3832"}],"wp:term":[{"taxonomy":"product_brand","embeddable":true,"href":"https:\/\/libreriahistoriasdebolsillo.com\/index.php\/wp-json\/wp\/v2\/product_brand?post=3832"},{"taxonomy":"product_cat","embeddable":true,"href":"https:\/\/libreriahistoriasdebolsillo.com\/index.php\/wp-json\/wp\/v2\/product_cat?post=3832"},{"taxonomy":"product_tag","embeddable":true,"href":"https:\/\/libreriahistoriasdebolsillo.com\/index.php\/wp-json\/wp\/v2\/product_tag?post=3832"}],"curies":[{"name":"wp","href":"https:\/\/api.w.org\/{rel}","templated":true}]}}