{"id":3834,"date":"2024-03-04T18:03:18","date_gmt":"2024-03-05T00:03:18","guid":{"rendered":"https:\/\/libreriahistoriasdebolsillo.com\/?post_type=product&#038;p=3834"},"modified":"2024-11-11T10:36:01","modified_gmt":"2024-11-11T16:36:01","slug":"la-mujer-en-la-ventana","status":"publish","type":"product","link":"https:\/\/libreriahistoriasdebolsillo.com\/index.php\/producto\/la-mujer-en-la-ventana\/","title":{"rendered":"La mujer en la ventana"},"content":{"rendered":"<p><b>Una mujer sola y vulnerable, recluida en su casa, ve desde la ventana algo que no deber\u00eda haber visto. <\/b><b>Pero nadie le cree.<\/b><\/p>\n<p><b>No sabe si lo ha visto o lo ha imaginado.<\/b><\/p>\n<p>Anna Fox vive sola, recluida en su casa de<b>\u00a0Nueva York<\/b>, sin atreverse a salir. Pasa el d\u00eda chateando con desconocidos, bebiendo vino (quiz\u00e1 m\u00e1s de la cuenta), viendo pel\u00edculas antiguas, recordando tiempos felices&#8230; y espiando a los vecinos.<\/p>\n<p>Entonces llegan los\u00a0<b>Russell\u00a0<\/b>al barrio: una pareja y su hijo adolescente. La familia perfecta. Hasta que una noche Anna ve algo desde su ventana que<b>\u00a0no deber\u00eda haber visto<\/b>. Todo su mundo empieza a resquebrajarse y sus propios secretos salen a la luz.<\/p>\n<p>\u00bfQu\u00e9 ha visto? \u00bfY qu\u00e9 ha imaginado? \u00bfQui\u00e9n est\u00e1 en peligro? \u00bfY qui\u00e9n est\u00e1 manipul\u00e1ndolo todo? En este\u00a0<b>thriller absolutamente fascinante<\/b>, nada ni nadie es lo que parece.<\/p>\n<p><b>Una historia poderosa y retorcida.<\/b><\/p>\n<p><b>Una protagonista intensa y muy real.<\/b><\/p>\n<p><b>Un sofisticado\u00a0<\/b><i><b>thriller\u00a0<\/b><\/i><b>psicol\u00f3gico para el nuevo milenio con la tensa atm\u00f3sfera y la oscura elegancia de los mejores cl\u00e1sicos del cine negro.<\/b><\/p>\n","protected":false},"excerpt":{"rendered":"<p>A.J. Finn<\/p>\n","protected":false},"featured_media":3835,"template":"","meta":{"_joinchat":[]},"product_brand":[],"product_cat":[37,51],"product_tag":[34],"class_list":{"0":"post-3834","1":"product","2":"type-product","3":"status-publish","4":"has-post-thumbnail","6":"product_cat-misterio-y-thriller","7":"product_cat-oferta","8":"product_tag-penguin-random-house","10":"first","11":"outofstock","12":"sale","13":"shipping-taxable","14":"purchasable","15":"product-type-simple"},"_links":{"self":[{"href":"https:\/\/libreriahistoriasdebolsillo.com\/index.php\/wp-json\/wp\/v2\/product\/3834","targetHints":{"allow":["GET"]}}],"collection":[{"href":"https:\/\/libreriahistoriasdebolsillo.com\/index.php\/wp-json\/wp\/v2\/product"}],"about":[{"href":"https:\/\/libreriahistoriasdebolsillo.com\/index.php\/wp-json\/wp\/v2\/types\/product"}],"wp:featuredmedia":[{"embeddable":true,"href":"https:\/\/libreriahistoriasdebolsillo.com\/index.php\/wp-json\/wp\/v2\/media\/3835"}],"wp:attachment":[{"href":"https:\/\/libreriahistoriasdebolsillo.com\/index.php\/wp-json\/wp\/v2\/media?parent=3834"}],"wp:term":[{"taxonomy":"product_brand","embeddable":true,"href":"https:\/\/libreriahistoriasdebolsillo.com\/index.php\/wp-json\/wp\/v2\/product_brand?post=3834"},{"taxonomy":"product_cat","embeddable":true,"href":"https:\/\/libreriahistoriasdebolsillo.com\/index.php\/wp-json\/wp\/v2\/product_cat?post=3834"},{"taxonomy":"product_tag","embeddable":true,"href":"https:\/\/libreriahistoriasdebolsillo.com\/index.php\/wp-json\/wp\/v2\/product_tag?post=3834"}],"curies":[{"name":"wp","href":"https:\/\/api.w.org\/{rel}","templated":true}]}}