{"id":3836,"date":"2024-03-04T18:06:20","date_gmt":"2024-03-05T00:06:20","guid":{"rendered":"https:\/\/libreriahistoriasdebolsillo.com\/?post_type=product&#038;p=3836"},"modified":"2026-02-03T11:56:55","modified_gmt":"2026-02-03T17:56:55","slug":"league-of-legends-1-ruination","status":"publish","type":"product","link":"https:\/\/libreriahistoriasdebolsillo.com\/index.php\/producto\/league-of-legends-1-ruination\/","title":{"rendered":"League of legends 1. Ruination"},"content":{"rendered":"<p><b>Ruination es la primera novela ambientada en el universo de League of Legends, uno de los mayores videojuegos de todos los tiempos. Un relato \u00e9pico sobre magia, venganza y un imperio al borde de la m\u00e1s absoluta ruina y destrucci\u00f3n.<\/b><\/p>\n<p>Camavor es una tierra desoladora cuyos cimientos se erigen sobre un legado de sangre y destrucci\u00f3n. Donde van los caballeros del imperio, la carnicer\u00eda sigue.<\/p>\n<p>Kalista sue\u00f1a con dar un vuelco a la situaci\u00f3n y cambiar todo lo malo de su tierra. Cuando su joven y narcisista t\u00edo, Viego, se convierte en rey, ella promete moderar sus instintos destructivos, como su leal confidente, consejera y general militar. Pero sus planes se frustran cuando la espada envenenada de un desalmado asesino golpea a la esposa de Viego, Isolda, afligi\u00e9ndola con una enfermedad para la que no hay cura.<\/p>\n<p>A medida que el estado de Isolda empeora, Viego empieza un inevitable descenso hacia la locura y el dolor, y amenaza con arrastrar a Camavor con \u00e9l. Kalista, sin m\u00e1s opciones, decide jug\u00e1rsela de forma desesperada con tal de salvar el reino: deber\u00e1 buscar las Islas Bendecidas, perdidas hace mucho tiempo, en las que se rumorea que guardan la salvaci\u00f3n de la reina en forma de ant\u00eddoto solo si Kalista consigue encontrarlas.<\/p>\n<p>Pero la corrupci\u00f3n crece en la capital de las Islas Bendecidas, donde un guardi\u00e1n vengativo busca atrapar a Kalista en sus crueles y enrevesadas maquinaciones. Kalista se ver\u00e1 obligada a elegir entre su lealtad a Viego y hacer lo que sabe que es correcto pues, incluso frente a la oscuridad total, un acto noble puede hacer brillar una luz que salve al mundo.<\/p>\n","protected":false},"excerpt":{"rendered":"<p>Anthony Reynolds<\/p>\n","protected":false},"featured_media":3837,"template":"","meta":{"_joinchat":[]},"product_brand":[],"product_cat":[39,51],"product_tag":[34],"class_list":{"0":"post-3836","1":"product","2":"type-product","3":"status-publish","4":"has-post-thumbnail","6":"product_cat-fantasia","7":"product_cat-oferta","8":"product_tag-penguin-random-house","10":"first","11":"outofstock","12":"sale","13":"shipping-taxable","14":"purchasable","15":"product-type-simple"},"_links":{"self":[{"href":"https:\/\/libreriahistoriasdebolsillo.com\/index.php\/wp-json\/wp\/v2\/product\/3836","targetHints":{"allow":["GET"]}}],"collection":[{"href":"https:\/\/libreriahistoriasdebolsillo.com\/index.php\/wp-json\/wp\/v2\/product"}],"about":[{"href":"https:\/\/libreriahistoriasdebolsillo.com\/index.php\/wp-json\/wp\/v2\/types\/product"}],"wp:featuredmedia":[{"embeddable":true,"href":"https:\/\/libreriahistoriasdebolsillo.com\/index.php\/wp-json\/wp\/v2\/media\/3837"}],"wp:attachment":[{"href":"https:\/\/libreriahistoriasdebolsillo.com\/index.php\/wp-json\/wp\/v2\/media?parent=3836"}],"wp:term":[{"taxonomy":"product_brand","embeddable":true,"href":"https:\/\/libreriahistoriasdebolsillo.com\/index.php\/wp-json\/wp\/v2\/product_brand?post=3836"},{"taxonomy":"product_cat","embeddable":true,"href":"https:\/\/libreriahistoriasdebolsillo.com\/index.php\/wp-json\/wp\/v2\/product_cat?post=3836"},{"taxonomy":"product_tag","embeddable":true,"href":"https:\/\/libreriahistoriasdebolsillo.com\/index.php\/wp-json\/wp\/v2\/product_tag?post=3836"}],"curies":[{"name":"wp","href":"https:\/\/api.w.org\/{rel}","templated":true}]}}