{"id":3838,"date":"2024-03-04T18:09:44","date_gmt":"2024-03-05T00:09:44","guid":{"rendered":"https:\/\/libreriahistoriasdebolsillo.com\/?post_type=product&#038;p=3838"},"modified":"2024-05-11T17:36:38","modified_gmt":"2024-05-11T23:36:38","slug":"el-bazar-de-los-malos-suenos","status":"publish","type":"product","link":"https:\/\/libreriahistoriasdebolsillo.com\/index.php\/producto\/el-bazar-de-los-malos-suenos\/","title":{"rendered":"El bazar de los malos sue\u00f1os"},"content":{"rendered":"<p><b>Directo desde la mente de Stephen King, el que te roba el sue\u00f1o y te asusta de verdad. El bazar de los malos sue\u00f1os es una colecci\u00f3n 20 relatos magn\u00edficos, inquietantes, absorbentes&#8230; Un preciado regalo del autor a sus lectores.<\/b><\/p>\n<p>\u00abEscrib\u00ed estos relatos especialmente para ti. Adelante, l\u00e9elos, pero ten mucho cuidado. Los mejores tienen dientes.\u00bb\u00a0<b>Stephen King.<\/b><\/p>\n<p>Stephen King nos presenta en\u00a0<b>El bazar de los malos sue\u00f1os<\/b>\u00a0una excepcional selecci\u00f3n de relatos, algunos nuevos y otros revisados en profundidad. Cada uno viene precedido de su propia introducci\u00f3n, donde habla sobre sus or\u00edgenes y sobre los motivos que lo llevaron a escribirlo, incluyendo aspectos autobiogr\u00e1ficos.<\/p>\n<p>Aunque han pasado ya treinta y cinco a\u00f1os desde que escribi\u00f3 su primera colecci\u00f3n, Stephen King sigue deslumbr\u00e1ndonos con su maestr\u00eda en el g\u00e9nero. En esta ocasi\u00f3n trata temas como\u00a0<b>la moralidad,<\/b>\u00a0<b>la vida despu\u00e9s de la muerte<\/b>,\u00a0<b>la culpa\u00a0<\/b>y lo que corregir\u00edamos del pasado si pudi\u00e9ramos ver el futuro.<\/p>\n","protected":false},"excerpt":{"rendered":"<p>Stephen King<\/p>\n","protected":false},"featured_media":3839,"template":"","meta":{"_joinchat":[]},"product_brand":[],"product_cat":[36],"product_tag":[34],"class_list":{"0":"post-3838","1":"product","2":"type-product","3":"status-publish","4":"has-post-thumbnail","6":"product_cat-terror-y-paranormal","7":"product_tag-penguin-random-house","9":"first","10":"outofstock","11":"shipping-taxable","12":"purchasable","13":"product-type-simple"},"_links":{"self":[{"href":"https:\/\/libreriahistoriasdebolsillo.com\/index.php\/wp-json\/wp\/v2\/product\/3838","targetHints":{"allow":["GET"]}}],"collection":[{"href":"https:\/\/libreriahistoriasdebolsillo.com\/index.php\/wp-json\/wp\/v2\/product"}],"about":[{"href":"https:\/\/libreriahistoriasdebolsillo.com\/index.php\/wp-json\/wp\/v2\/types\/product"}],"wp:featuredmedia":[{"embeddable":true,"href":"https:\/\/libreriahistoriasdebolsillo.com\/index.php\/wp-json\/wp\/v2\/media\/3839"}],"wp:attachment":[{"href":"https:\/\/libreriahistoriasdebolsillo.com\/index.php\/wp-json\/wp\/v2\/media?parent=3838"}],"wp:term":[{"taxonomy":"product_brand","embeddable":true,"href":"https:\/\/libreriahistoriasdebolsillo.com\/index.php\/wp-json\/wp\/v2\/product_brand?post=3838"},{"taxonomy":"product_cat","embeddable":true,"href":"https:\/\/libreriahistoriasdebolsillo.com\/index.php\/wp-json\/wp\/v2\/product_cat?post=3838"},{"taxonomy":"product_tag","embeddable":true,"href":"https:\/\/libreriahistoriasdebolsillo.com\/index.php\/wp-json\/wp\/v2\/product_tag?post=3838"}],"curies":[{"name":"wp","href":"https:\/\/api.w.org\/{rel}","templated":true}]}}