{"id":3840,"date":"2024-03-04T18:11:18","date_gmt":"2024-03-05T00:11:18","guid":{"rendered":"https:\/\/libreriahistoriasdebolsillo.com\/?post_type=product&#038;p=3840"},"modified":"2024-07-01T15:03:58","modified_gmt":"2024-07-01T21:03:58","slug":"el-fugitivo","status":"publish","type":"product","link":"https:\/\/libreriahistoriasdebolsillo.com\/index.php\/producto\/el-fugitivo\/","title":{"rendered":"El fugitivo"},"content":{"rendered":"<p><b>Una angustiante novela del maestro de terror Stephen King sobre un aterrador futuro donde la televisi\u00f3n es la \u00fanica realidad.<\/b><\/p>\n<p>A mediados del siglo XXI, un concurso televisivo, cuyo principal atractivo es la muerte de los participantes, bate r\u00e9cords de audiencia.<\/p>\n<p>Ben Richards, padre de una ni\u00f1a enferma y sumido en la m\u00e1s profunda miseria, decide concursar atra\u00eddo por los extraordinarios premios, aun a sabiendas de que no sobrevivir\u00e1.<\/p>\n<p>Sometido a una implacable persecuci\u00f3n, se plantea un \u00fanico objetivo: resistir tantos d\u00edas como sea posible para aumentar el premio y asegurar la subsistencia de su familia.<\/p>\n","protected":false},"excerpt":{"rendered":"<p>Stephen King<\/p>\n","protected":false},"featured_media":3841,"template":"","meta":{"_joinchat":[]},"product_brand":[],"product_cat":[37,36],"product_tag":[34],"class_list":{"0":"post-3840","1":"product","2":"type-product","3":"status-publish","4":"has-post-thumbnail","6":"product_cat-misterio-y-thriller","7":"product_cat-terror-y-paranormal","8":"product_tag-penguin-random-house","10":"first","11":"outofstock","12":"shipping-taxable","13":"purchasable","14":"product-type-simple"},"_links":{"self":[{"href":"https:\/\/libreriahistoriasdebolsillo.com\/index.php\/wp-json\/wp\/v2\/product\/3840","targetHints":{"allow":["GET"]}}],"collection":[{"href":"https:\/\/libreriahistoriasdebolsillo.com\/index.php\/wp-json\/wp\/v2\/product"}],"about":[{"href":"https:\/\/libreriahistoriasdebolsillo.com\/index.php\/wp-json\/wp\/v2\/types\/product"}],"wp:featuredmedia":[{"embeddable":true,"href":"https:\/\/libreriahistoriasdebolsillo.com\/index.php\/wp-json\/wp\/v2\/media\/3841"}],"wp:attachment":[{"href":"https:\/\/libreriahistoriasdebolsillo.com\/index.php\/wp-json\/wp\/v2\/media?parent=3840"}],"wp:term":[{"taxonomy":"product_brand","embeddable":true,"href":"https:\/\/libreriahistoriasdebolsillo.com\/index.php\/wp-json\/wp\/v2\/product_brand?post=3840"},{"taxonomy":"product_cat","embeddable":true,"href":"https:\/\/libreriahistoriasdebolsillo.com\/index.php\/wp-json\/wp\/v2\/product_cat?post=3840"},{"taxonomy":"product_tag","embeddable":true,"href":"https:\/\/libreriahistoriasdebolsillo.com\/index.php\/wp-json\/wp\/v2\/product_tag?post=3840"}],"curies":[{"name":"wp","href":"https:\/\/api.w.org\/{rel}","templated":true}]}}