{"id":3844,"date":"2024-03-04T18:14:29","date_gmt":"2024-03-05T00:14:29","guid":{"rendered":"https:\/\/libreriahistoriasdebolsillo.com\/?post_type=product&#038;p=3844"},"modified":"2025-06-07T16:51:16","modified_gmt":"2025-06-07T22:51:16","slug":"el-cazador-de-suenos","status":"publish","type":"product","link":"https:\/\/libreriahistoriasdebolsillo.com\/index.php\/producto\/el-cazador-de-suenos\/","title":{"rendered":"El cazador de sue\u00f1os"},"content":{"rendered":"<p>25 a\u00f1os despu\u00e9s de que decidieran proteger a un chico indefenso, cuatro amigos se re\u00fanen para cazar en los bosques de Maine. Excepto que en esta ocasi\u00f3n ellos deber\u00e1n escapar de una persecuci\u00f3n aterradora&#8230;<\/p>\n<p><b>Una de las novelas m\u00e1s recientes del maestro de la narraci\u00f3n del suspenso, Stephen King, que inspir\u00f3 la pel\u00edcula de horror\u00a0<i>Dreamcatcher<\/i>.<\/b><\/p>\n<p>Hab\u00eda una vez cuatro chicos, compa\u00f1eros en todo, que decidieron proteger a un chico indefenso atormentado por el tirano del colegio. Su acci\u00f3n marc\u00f3 un cambio decisivo en sus vidas. Un cambio tan grande que tardar\u00edan 25 a\u00f1os en comprender su importancia&#8230;<\/p>\n<p>Ahora son adultos, con m\u00e1s problemas y m\u00e1s desilusiones, pero una vez al a\u00f1o se re\u00fanen para cazar en los bosques de Maine. Este a\u00f1o un desconocido entra en su caba\u00f1a y, aturdido y confuso, balbucea que ha visto unas extra\u00f1as luces en el cielo. Y parece que no est\u00e1 equivocado&#8230; En poco tiempo los cuatro amigos se encuentran en medio de una lucha terror\u00edfica contra seres de otro mundo. La \u00fanica posibilidad de salvaci\u00f3n radica en encontrar a aquel amigo del pasado, el que sab\u00eda cazar sue\u00f1os y que tambi\u00e9n sabr\u00e1 frustrar los sue\u00f1os de los invasores&#8230; Una obra maestra del terror y una historia de ternura y amistad profunda.<\/p>\n","protected":false},"excerpt":{"rendered":"<p>Stephen King<\/p>\n","protected":false},"featured_media":3845,"template":"","meta":{"_joinchat":[]},"product_brand":[],"product_cat":[36],"product_tag":[34],"class_list":{"0":"post-3844","1":"product","2":"type-product","3":"status-publish","4":"has-post-thumbnail","6":"product_cat-terror-y-paranormal","7":"product_tag-penguin-random-house","9":"first","10":"outofstock","11":"shipping-taxable","12":"purchasable","13":"product-type-simple"},"_links":{"self":[{"href":"https:\/\/libreriahistoriasdebolsillo.com\/index.php\/wp-json\/wp\/v2\/product\/3844","targetHints":{"allow":["GET"]}}],"collection":[{"href":"https:\/\/libreriahistoriasdebolsillo.com\/index.php\/wp-json\/wp\/v2\/product"}],"about":[{"href":"https:\/\/libreriahistoriasdebolsillo.com\/index.php\/wp-json\/wp\/v2\/types\/product"}],"wp:featuredmedia":[{"embeddable":true,"href":"https:\/\/libreriahistoriasdebolsillo.com\/index.php\/wp-json\/wp\/v2\/media\/3845"}],"wp:attachment":[{"href":"https:\/\/libreriahistoriasdebolsillo.com\/index.php\/wp-json\/wp\/v2\/media?parent=3844"}],"wp:term":[{"taxonomy":"product_brand","embeddable":true,"href":"https:\/\/libreriahistoriasdebolsillo.com\/index.php\/wp-json\/wp\/v2\/product_brand?post=3844"},{"taxonomy":"product_cat","embeddable":true,"href":"https:\/\/libreriahistoriasdebolsillo.com\/index.php\/wp-json\/wp\/v2\/product_cat?post=3844"},{"taxonomy":"product_tag","embeddable":true,"href":"https:\/\/libreriahistoriasdebolsillo.com\/index.php\/wp-json\/wp\/v2\/product_tag?post=3844"}],"curies":[{"name":"wp","href":"https:\/\/api.w.org\/{rel}","templated":true}]}}