{"id":3846,"date":"2024-03-04T18:16:12","date_gmt":"2024-03-05T00:16:12","guid":{"rendered":"https:\/\/libreriahistoriasdebolsillo.com\/?post_type=product&#038;p=3846"},"modified":"2024-07-01T15:03:52","modified_gmt":"2024-07-01T21:03:52","slug":"la-mitad-oscura","status":"publish","type":"product","link":"https:\/\/libreriahistoriasdebolsillo.com\/index.php\/producto\/la-mitad-oscura\/","title":{"rendered":"La mitad oscura"},"content":{"rendered":"<p>Thad Beaumont es un escritor despechado que acaba fundi\u00e9ndose con sus macabros personajes thrillerescos.<\/p>\n<p>Cuando Thad Beaumont, en pleno bloqueo creativo despu\u00e9s de que su novela\u00a0<i>Las s\u00fabitas bailarinas<\/i>\u00a0optara al Premio Nacional de Literatura y lo perdiera, decidi\u00f3 seguir los consejos de su mujer y publicar una serie de thrillers retorcidos y sangrientos bajo el seud\u00f3nimo de Geroge Stark, no pens\u00f3 que le ser\u00eda tan dif\u00edcil \u00abdeshacerse\u00bb de ese otro yo que, sin saber c\u00f3mo, hab\u00eda dejado de ser ficticio.<\/p>\n<p>Cuando el comisario Alan Pangborn apareci\u00f3 en su casa acus\u00e1ndole de un brutal asesinato, Thad quiso afirmar su inocencia, asegurar que nada ten\u00eda que ver con todos esos monstruosos asesinatos cometidos tan cerca de su casa, ni con la retorcida mente que protagonizaba sus novelas policiacas, ni con las llamadas de aquella voz que, obscena y susurrante, le ped\u00eda por tel\u00e9fono que se rindiese. Pero \u00bfc\u00f3mo podr\u00eda explicar que sus huellas ensangrentadas aparecieran por todas partes en la escena del cr\u00edmen?<\/p>\n","protected":false},"excerpt":{"rendered":"<p>Stephen King<\/p>\n","protected":false},"featured_media":3847,"template":"","meta":{"_joinchat":[]},"product_brand":[],"product_cat":[37,36],"product_tag":[34],"class_list":{"0":"post-3846","1":"product","2":"type-product","3":"status-publish","4":"has-post-thumbnail","6":"product_cat-misterio-y-thriller","7":"product_cat-terror-y-paranormal","8":"product_tag-penguin-random-house","10":"first","11":"outofstock","12":"shipping-taxable","13":"purchasable","14":"product-type-simple"},"_links":{"self":[{"href":"https:\/\/libreriahistoriasdebolsillo.com\/index.php\/wp-json\/wp\/v2\/product\/3846","targetHints":{"allow":["GET"]}}],"collection":[{"href":"https:\/\/libreriahistoriasdebolsillo.com\/index.php\/wp-json\/wp\/v2\/product"}],"about":[{"href":"https:\/\/libreriahistoriasdebolsillo.com\/index.php\/wp-json\/wp\/v2\/types\/product"}],"wp:featuredmedia":[{"embeddable":true,"href":"https:\/\/libreriahistoriasdebolsillo.com\/index.php\/wp-json\/wp\/v2\/media\/3847"}],"wp:attachment":[{"href":"https:\/\/libreriahistoriasdebolsillo.com\/index.php\/wp-json\/wp\/v2\/media?parent=3846"}],"wp:term":[{"taxonomy":"product_brand","embeddable":true,"href":"https:\/\/libreriahistoriasdebolsillo.com\/index.php\/wp-json\/wp\/v2\/product_brand?post=3846"},{"taxonomy":"product_cat","embeddable":true,"href":"https:\/\/libreriahistoriasdebolsillo.com\/index.php\/wp-json\/wp\/v2\/product_cat?post=3846"},{"taxonomy":"product_tag","embeddable":true,"href":"https:\/\/libreriahistoriasdebolsillo.com\/index.php\/wp-json\/wp\/v2\/product_tag?post=3846"}],"curies":[{"name":"wp","href":"https:\/\/api.w.org\/{rel}","templated":true}]}}