{"id":3848,"date":"2024-03-04T18:18:25","date_gmt":"2024-03-05T00:18:25","guid":{"rendered":"https:\/\/libreriahistoriasdebolsillo.com\/?post_type=product&#038;p=3848"},"modified":"2025-08-22T11:26:23","modified_gmt":"2025-08-22T17:26:23","slug":"ready-player-one-edicion-pelicula","status":"publish","type":"product","link":"https:\/\/libreriahistoriasdebolsillo.com\/index.php\/producto\/ready-player-one-edicion-pelicula\/","title":{"rendered":"Ready player one (Edici\u00f3n pel\u00edcula)"},"content":{"rendered":"<p><b>La novela cibern\u00e9tica que ha inspirado la gran producci\u00f3n de Warner Bros, a medio camino entre\u00a0<i>Avatar\u00a0<\/i>y<i>\u00a0Matrix.<\/i><\/b><\/p>\n<p>Estamos en el\u00a0<b>a\u00f1o 2044\u00a0<\/b>y, como el resto de la humanidad, Wade Watts prefiere mil veces el<b>\u00a0videojuego de OASIS\u00a0<\/b>al cada vez m\u00e1s sombr\u00edo mundo real. Se asegura que esconde las diab\u00f3licaspiezas de un\u00a0<b>rompecabezas\u00a0<\/b>cuya resoluci\u00f3n conduce a una\u00a0<b>fortuna<\/b>\u00a0incalculable.<\/p>\n<p>Las claves del enigma est\u00e1n basadas en la\u00a0<b>cultura de finales del siglo XX\u00a0<\/b>y, durante a\u00f1os, millonesde humanos han intentado dar con ellas, sin \u00e9xito. De repente,<b>\u00a0Wade\u00a0<\/b>logra resolver el primer rompecabezas del premio, y, a partir de ese momento, debe competir contra miles de jugadores para conseguir el\u00a0<b>trofeo.<\/b><\/p>\n<p>La \u00fanica forma de sobrevivir es\u00a0<b>ganar<\/b>; pero para hacerlo tendr\u00e1 que abandonar su existencia virtual y enfrentarse a la vida y al amor en el<b>\u00a0mundo real<\/b>, del que siempre ha intentado escapar.<\/p>\n","protected":false},"excerpt":{"rendered":"<p>Ernest Cline<\/p>\n","protected":false},"featured_media":3849,"template":"","meta":{"_joinchat":[]},"product_brand":[],"product_cat":[40,72],"product_tag":[34],"class_list":{"0":"post-3848","1":"product","2":"type-product","3":"status-publish","4":"has-post-thumbnail","6":"product_cat-ciencia-ficcion","7":"product_cat-distopico","8":"product_tag-penguin-random-house","10":"first","11":"instock","12":"shipping-taxable","13":"purchasable","14":"product-type-simple"},"_links":{"self":[{"href":"https:\/\/libreriahistoriasdebolsillo.com\/index.php\/wp-json\/wp\/v2\/product\/3848","targetHints":{"allow":["GET"]}}],"collection":[{"href":"https:\/\/libreriahistoriasdebolsillo.com\/index.php\/wp-json\/wp\/v2\/product"}],"about":[{"href":"https:\/\/libreriahistoriasdebolsillo.com\/index.php\/wp-json\/wp\/v2\/types\/product"}],"wp:featuredmedia":[{"embeddable":true,"href":"https:\/\/libreriahistoriasdebolsillo.com\/index.php\/wp-json\/wp\/v2\/media\/3849"}],"wp:attachment":[{"href":"https:\/\/libreriahistoriasdebolsillo.com\/index.php\/wp-json\/wp\/v2\/media?parent=3848"}],"wp:term":[{"taxonomy":"product_brand","embeddable":true,"href":"https:\/\/libreriahistoriasdebolsillo.com\/index.php\/wp-json\/wp\/v2\/product_brand?post=3848"},{"taxonomy":"product_cat","embeddable":true,"href":"https:\/\/libreriahistoriasdebolsillo.com\/index.php\/wp-json\/wp\/v2\/product_cat?post=3848"},{"taxonomy":"product_tag","embeddable":true,"href":"https:\/\/libreriahistoriasdebolsillo.com\/index.php\/wp-json\/wp\/v2\/product_tag?post=3848"}],"curies":[{"name":"wp","href":"https:\/\/api.w.org\/{rel}","templated":true}]}}