{"id":3850,"date":"2024-03-04T18:20:34","date_gmt":"2024-03-05T00:20:34","guid":{"rendered":"https:\/\/libreriahistoriasdebolsillo.com\/?post_type=product&#038;p=3850"},"modified":"2025-06-12T09:24:52","modified_gmt":"2025-06-12T15:24:52","slug":"los-juegos-del-hambre-2-en-llamas","status":"publish","type":"product","link":"https:\/\/libreriahistoriasdebolsillo.com\/index.php\/producto\/los-juegos-del-hambre-2-en-llamas\/","title":{"rendered":"Los juegos del hambre 2. En llamas"},"content":{"rendered":"<p><b>El<\/b>\u00a0<b>mundo estar\u00e1 observando<\/b><b>. <\/b><b>Katniss Everdeen sobrevivi\u00f3 a Los Juegos del Hambre, pero el Capitolio quiere venganza.<\/b><\/p>\n<p>Contra todo pron\u00f3stico,\u00a0<b>Katniss Everdeen<\/b>\u00a0y\u00a0<b>Peeta Mellark<\/b>\u00a0siguen vivos. Aunque Katniss deber\u00eda sentirse aliviada, se rumora que existe una rebeli\u00f3n contra el Capitolio, una rebeli\u00f3n que puede que Katniss y Peeta hayan ayudado a inspirar. La naci\u00f3n los observa y hay mucho en juego. Un movimiento en falso y las consecuencias ser\u00e1n inimaginables.<\/p>\n<p><b>\u00a1QUE EMPIECEN LOS SEPTUAG\u00c9SIMO QUINTOS JUEGOS DEL HAMBRE!<\/b><\/p>\n<p>\u00abNo pude parar de leer&#8230; Este libro es adictivo\u00bb.\u00a0<b>Stephen King<\/b><\/p>\n<p>\u00abMientras Katniss mata con finura, Collins escribe con una fuerza inusitada\u00bb.\u00a0<b>Time Magazine<\/b><\/p>\n","protected":false},"excerpt":{"rendered":"<p>Suzanne Collins<\/p>\n","protected":false},"featured_media":3851,"template":"","meta":{"_joinchat":[]},"product_brand":[],"product_cat":[72],"product_tag":[34],"class_list":{"0":"post-3850","1":"product","2":"type-product","3":"status-publish","4":"has-post-thumbnail","6":"product_cat-distopico","7":"product_tag-penguin-random-house","9":"first","10":"outofstock","11":"shipping-taxable","12":"purchasable","13":"product-type-simple"},"_links":{"self":[{"href":"https:\/\/libreriahistoriasdebolsillo.com\/index.php\/wp-json\/wp\/v2\/product\/3850","targetHints":{"allow":["GET"]}}],"collection":[{"href":"https:\/\/libreriahistoriasdebolsillo.com\/index.php\/wp-json\/wp\/v2\/product"}],"about":[{"href":"https:\/\/libreriahistoriasdebolsillo.com\/index.php\/wp-json\/wp\/v2\/types\/product"}],"wp:featuredmedia":[{"embeddable":true,"href":"https:\/\/libreriahistoriasdebolsillo.com\/index.php\/wp-json\/wp\/v2\/media\/3851"}],"wp:attachment":[{"href":"https:\/\/libreriahistoriasdebolsillo.com\/index.php\/wp-json\/wp\/v2\/media?parent=3850"}],"wp:term":[{"taxonomy":"product_brand","embeddable":true,"href":"https:\/\/libreriahistoriasdebolsillo.com\/index.php\/wp-json\/wp\/v2\/product_brand?post=3850"},{"taxonomy":"product_cat","embeddable":true,"href":"https:\/\/libreriahistoriasdebolsillo.com\/index.php\/wp-json\/wp\/v2\/product_cat?post=3850"},{"taxonomy":"product_tag","embeddable":true,"href":"https:\/\/libreriahistoriasdebolsillo.com\/index.php\/wp-json\/wp\/v2\/product_tag?post=3850"}],"curies":[{"name":"wp","href":"https:\/\/api.w.org\/{rel}","templated":true}]}}