{"id":3854,"date":"2024-03-05T14:07:02","date_gmt":"2024-03-05T20:07:02","guid":{"rendered":"https:\/\/libreriahistoriasdebolsillo.com\/?post_type=product&#038;p=3854"},"modified":"2025-11-26T18:11:43","modified_gmt":"2025-11-27T00:11:43","slug":"in-memoriam","status":"publish","type":"product","link":"https:\/\/libreriahistoriasdebolsillo.com\/index.php\/producto\/in-memoriam\/","title":{"rendered":"In memoriam"},"content":{"rendered":"<p>Es 1914 y Henry Gaunt, Sidney Ellwood y sus compa\u00f1eros de clase, a salvo en un id\u00edlico internado de la campi\u00f1a inglesa, perciben la guerra como algo lejano. Tienen diecisiete a\u00f1os, por lo que son demasiado j\u00f3venes para alistarse y, adem\u00e1s, Gaunt est\u00e1 ocupado librando su propia batalla: est\u00e1 perdidamente enamorado de su mejor amigo, el encantador y elegante Ellwood, y no tiene ni idea de que Ellwood siente lo mismo por \u00e9l.<\/p>\n<p>Cuando la madre alemana de Gaunt le pide que se aliste en el ej\u00e9rcito brit\u00e1nico para proteger a la familia de los ataques antigerm\u00e1nicos, el joven obedece de inmediato, aliviado de poder escapar de sus abrumadores sentimientos hacia Ellwood.<\/p>\n<p>El frente es horrible, como era de esperar, y, aunque Gaunt intenta disuadir a Ellwood de que lo siga al campo de batalla, \u00e9l no tarda en aparecer por all\u00ed. Ya en las trincheras, ambos encuentran momentos fugaces de consuelo juntos.<\/p>\n<p>In Memoriam es una historia \u00e9pica sobre las tragedias devastadoras de la guerra y el amor prohibido que florece en sus garras. Un debut sobrecogedor.<\/p>\n","protected":false},"excerpt":{"rendered":"<p>Alice Winn<\/p>\n","protected":false},"featured_media":3855,"template":"","meta":{"_joinchat":[]},"product_brand":[],"product_cat":[33,38],"product_tag":[46],"class_list":{"0":"post-3854","1":"product","2":"type-product","3":"status-publish","4":"has-post-thumbnail","6":"product_cat-ficcion-general","7":"product_cat-lgbtq","8":"product_tag-ediciones-urano","10":"first","11":"outofstock","12":"shipping-taxable","13":"purchasable","14":"product-type-simple"},"_links":{"self":[{"href":"https:\/\/libreriahistoriasdebolsillo.com\/index.php\/wp-json\/wp\/v2\/product\/3854","targetHints":{"allow":["GET"]}}],"collection":[{"href":"https:\/\/libreriahistoriasdebolsillo.com\/index.php\/wp-json\/wp\/v2\/product"}],"about":[{"href":"https:\/\/libreriahistoriasdebolsillo.com\/index.php\/wp-json\/wp\/v2\/types\/product"}],"wp:featuredmedia":[{"embeddable":true,"href":"https:\/\/libreriahistoriasdebolsillo.com\/index.php\/wp-json\/wp\/v2\/media\/3855"}],"wp:attachment":[{"href":"https:\/\/libreriahistoriasdebolsillo.com\/index.php\/wp-json\/wp\/v2\/media?parent=3854"}],"wp:term":[{"taxonomy":"product_brand","embeddable":true,"href":"https:\/\/libreriahistoriasdebolsillo.com\/index.php\/wp-json\/wp\/v2\/product_brand?post=3854"},{"taxonomy":"product_cat","embeddable":true,"href":"https:\/\/libreriahistoriasdebolsillo.com\/index.php\/wp-json\/wp\/v2\/product_cat?post=3854"},{"taxonomy":"product_tag","embeddable":true,"href":"https:\/\/libreriahistoriasdebolsillo.com\/index.php\/wp-json\/wp\/v2\/product_tag?post=3854"}],"curies":[{"name":"wp","href":"https:\/\/api.w.org\/{rel}","templated":true}]}}