{"id":3856,"date":"2024-03-05T14:10:12","date_gmt":"2024-03-05T20:10:12","guid":{"rendered":"https:\/\/libreriahistoriasdebolsillo.com\/?post_type=product&#038;p=3856"},"modified":"2024-03-05T14:10:12","modified_gmt":"2024-03-05T20:10:12","slug":"otros-nombres-para-el-amor","status":"publish","type":"product","link":"https:\/\/libreriahistoriasdebolsillo.com\/index.php\/producto\/otros-nombres-para-el-amor\/","title":{"rendered":"Otros nombres para el amor"},"content":{"rendered":"<p>A sus diecis\u00e9is a\u00f1os, Fahad espera poder pasar el verano con su madre en Londres. Pero su padre, Rafia, tiene otros planes: quiere llevarse a su hijo a rastras a Abad, a la hacienda de la familia, en el interior de Pakist\u00e1n. Rafia pretende convertir a Fahad, un ni\u00f1o sensible, en un hombre hecho y derecho, y ense\u00f1\u00e1rselo todo sobre el poder, el deber y la familia. Para ello, le pide ayuda a un joven de la zona, Ali, con la esperanza de que sea un buen ejemplo para Fachada.<\/p>\n<p>Sin embargo, durante el transcurso de un verano, surge la atracci\u00f3n entre ambos chicos, y Fahad se ve seducido por la naturaleza salvaje de la tierra y de sus habitantes: la gente que venera y critica a su padre; su primo Mousey, que vive solo con un hombre al que llama su \u00abadministrador de fincas\u00bb; y, sobre todo, Ali, que amenaza con desenterrar todo lo que yac\u00eda oculto.<\/p>\n<p>Varias d\u00e9cadas despu\u00e9s, Fahad est\u00e1 viviendo en Londres cuando recibe una llamada de su madre, que le pide que vuelva a Abad. Su regreso lo obligar\u00e1 a enfrentarse al pasado.<\/p>\n","protected":false},"excerpt":{"rendered":"<p>Taymour Soomro<\/p>\n","protected":false},"featured_media":3857,"template":"","meta":{"_joinchat":[]},"product_brand":[],"product_cat":[33,38],"product_tag":[46],"class_list":{"0":"post-3856","1":"product","2":"type-product","3":"status-publish","4":"has-post-thumbnail","6":"product_cat-ficcion-general","7":"product_cat-lgbtq","8":"product_tag-ediciones-urano","10":"first","11":"instock","12":"shipping-taxable","13":"purchasable","14":"product-type-simple"},"_links":{"self":[{"href":"https:\/\/libreriahistoriasdebolsillo.com\/index.php\/wp-json\/wp\/v2\/product\/3856","targetHints":{"allow":["GET"]}}],"collection":[{"href":"https:\/\/libreriahistoriasdebolsillo.com\/index.php\/wp-json\/wp\/v2\/product"}],"about":[{"href":"https:\/\/libreriahistoriasdebolsillo.com\/index.php\/wp-json\/wp\/v2\/types\/product"}],"wp:featuredmedia":[{"embeddable":true,"href":"https:\/\/libreriahistoriasdebolsillo.com\/index.php\/wp-json\/wp\/v2\/media\/3857"}],"wp:attachment":[{"href":"https:\/\/libreriahistoriasdebolsillo.com\/index.php\/wp-json\/wp\/v2\/media?parent=3856"}],"wp:term":[{"taxonomy":"product_brand","embeddable":true,"href":"https:\/\/libreriahistoriasdebolsillo.com\/index.php\/wp-json\/wp\/v2\/product_brand?post=3856"},{"taxonomy":"product_cat","embeddable":true,"href":"https:\/\/libreriahistoriasdebolsillo.com\/index.php\/wp-json\/wp\/v2\/product_cat?post=3856"},{"taxonomy":"product_tag","embeddable":true,"href":"https:\/\/libreriahistoriasdebolsillo.com\/index.php\/wp-json\/wp\/v2\/product_tag?post=3856"}],"curies":[{"name":"wp","href":"https:\/\/api.w.org\/{rel}","templated":true}]}}