{"id":3858,"date":"2024-03-05T14:12:55","date_gmt":"2024-03-05T20:12:55","guid":{"rendered":"https:\/\/libreriahistoriasdebolsillo.com\/?post_type=product&#038;p=3858"},"modified":"2025-11-26T18:11:49","modified_gmt":"2025-11-27T00:11:49","slug":"la-receta-del-amor","status":"publish","type":"product","link":"https:\/\/libreriahistoriasdebolsillo.com\/index.php\/producto\/la-receta-del-amor\/","title":{"rendered":"La receta del amor"},"content":{"rendered":"<p>ADVERTENCIA: Querido lector, en cuanto empieces a leer esta novela, se volver\u00e1 una adicci\u00f3n. Est\u00e1s a punto de comenzar una historia tremendamente divertida y dulce, que sigue los pasos de un chef que debe enfrentarse a la receta m\u00e1s dif\u00edcil de todas: la del amor.<\/p>\n<p><span class=\"a-text-bold\">El amor no estaba en el men\u00fa\u2026<\/span><\/p>\n<p>Dylan Tang se ha propuesto ganar el concurso de pasteles de luna del Festival del Medio Oto\u00f1o en memoria de su madre. Con ello, tambi\u00e9n podr\u00e1 publicitar Guerreros del Wok, el local de comida china de su t\u00eda en Brooklyn, al que no le est\u00e1 yendo demasiado bien.<\/p>\n<p>Pero Dylan no estaba preparado para conocer a Theo Somers, un joven encantador y con una sonrisa de infarto que decide hacer una donaci\u00f3n considerable a Guerreros del Wok. Para devolverle el favor, Dylan acepta fingir ser su novio en una boda familiar en los Hamptons.<\/p>\n<p>En el deslumbrante mundo de Theo, lleno de lujo y de privilegios, los dos interpretan su relaci\u00f3n fingida a la perfecci\u00f3n. Sin embargo, Dylan no puede evitar que surjan sentimientos reales, y se enamora de verdad. Pero con el concurso a la vuelta de la esquina, no puede permitirse distracciones&#8230;<\/p>\n<p><span class=\"a-text-bold\">\u00bfPodr\u00e1 Dylan salvar el negocio de su familia?<\/span><\/p>\n<p><span class=\"a-text-bold\">\u00bfSer\u00e1 capaz de seguir a su coraz\u00f3n?<\/span><\/p>\n<p><span class=\"a-text-bold\">\u00bfCu\u00e1l es el precio que hay que pagar para triunfar en el amor?<\/span><\/p>\n","protected":false},"excerpt":{"rendered":"<p>Sher Lee<\/p>\n","protected":false},"featured_media":3859,"template":"","meta":{"_joinchat":[]},"product_brand":[],"product_cat":[38],"product_tag":[46],"class_list":{"0":"post-3858","1":"product","2":"type-product","3":"status-publish","4":"has-post-thumbnail","6":"product_cat-lgbtq","7":"product_tag-ediciones-urano","9":"first","10":"outofstock","11":"shipping-taxable","12":"purchasable","13":"product-type-simple"},"_links":{"self":[{"href":"https:\/\/libreriahistoriasdebolsillo.com\/index.php\/wp-json\/wp\/v2\/product\/3858","targetHints":{"allow":["GET"]}}],"collection":[{"href":"https:\/\/libreriahistoriasdebolsillo.com\/index.php\/wp-json\/wp\/v2\/product"}],"about":[{"href":"https:\/\/libreriahistoriasdebolsillo.com\/index.php\/wp-json\/wp\/v2\/types\/product"}],"wp:featuredmedia":[{"embeddable":true,"href":"https:\/\/libreriahistoriasdebolsillo.com\/index.php\/wp-json\/wp\/v2\/media\/3859"}],"wp:attachment":[{"href":"https:\/\/libreriahistoriasdebolsillo.com\/index.php\/wp-json\/wp\/v2\/media?parent=3858"}],"wp:term":[{"taxonomy":"product_brand","embeddable":true,"href":"https:\/\/libreriahistoriasdebolsillo.com\/index.php\/wp-json\/wp\/v2\/product_brand?post=3858"},{"taxonomy":"product_cat","embeddable":true,"href":"https:\/\/libreriahistoriasdebolsillo.com\/index.php\/wp-json\/wp\/v2\/product_cat?post=3858"},{"taxonomy":"product_tag","embeddable":true,"href":"https:\/\/libreriahistoriasdebolsillo.com\/index.php\/wp-json\/wp\/v2\/product_tag?post=3858"}],"curies":[{"name":"wp","href":"https:\/\/api.w.org\/{rel}","templated":true}]}}