{"id":3860,"date":"2024-03-05T14:14:42","date_gmt":"2024-03-05T20:14:42","guid":{"rendered":"https:\/\/libreriahistoriasdebolsillo.com\/?post_type=product&#038;p=3860"},"modified":"2025-11-26T18:11:54","modified_gmt":"2025-11-27T00:11:54","slug":"los-senores-de-la-muerte","status":"publish","type":"product","link":"https:\/\/libreriahistoriasdebolsillo.com\/index.php\/producto\/los-senores-de-la-muerte\/","title":{"rendered":"Los se\u00f1ores de la muerte"},"content":{"rendered":"<p><span class=\"a-text-bold\">EXISTE UN JUEGO AL QUE JUEGAN LOS INMORTALES.<\/span><\/p>\n<p><span class=\"a-text-bold\">SOLO HAY UNA REGLA: NO PUEDES PERDER.<\/span><\/p>\n<p><span class=\"a-text-bold\">Viola Marek<\/span><\/p>\n<p>es una agente inmobiliaria en apuros, adem\u00e1s de vampira. Pero, en estos momentos, su mayor problema es que la casa que tiene que vender est\u00e1 encantada. El fantasma que la habita muri\u00f3 asesinado y se niega a abandonarla hasta que resuelva el misterio de c\u00f3mo falleci\u00f3.<\/p>\n<p><span class=\"a-text-bold\">Fox D\u2019Mora<\/span><\/p>\n<p>es m\u00e9dium y, aunque es un aut\u00e9ntico fraude, no es del todo in\u00fatil teniendo en cuenta que es el ahijado de la Muerte.<\/p>\n<p>Cuando Viola recurre a Fox para pedirle ayuda con el fantasma de la mansi\u00f3n, este se ve inevitablemente envuelto en una misi\u00f3n que ni Viola ni \u00e9l esperan (ni desean). Pero con la ayuda de un poltergeist rebelde, una entrenadora personal demon\u00edaca, un \u00e1ngel mordaz, un segador enamorado y varias criaturas adeptas al mindfulness, Vi y Fox descubren que la diferencia entre un misterioso amor perdido y un cad\u00e1ver molesto no es tan evidente como pensaban.<\/p>\n","protected":false},"excerpt":{"rendered":"<p>Olivie Blake<\/p>\n","protected":false},"featured_media":3861,"template":"","meta":{"_joinchat":[]},"product_brand":[],"product_cat":[39],"product_tag":[46],"class_list":{"0":"post-3860","1":"product","2":"type-product","3":"status-publish","4":"has-post-thumbnail","6":"product_cat-fantasia","7":"product_tag-ediciones-urano","9":"first","10":"outofstock","11":"shipping-taxable","12":"purchasable","13":"product-type-simple"},"_links":{"self":[{"href":"https:\/\/libreriahistoriasdebolsillo.com\/index.php\/wp-json\/wp\/v2\/product\/3860","targetHints":{"allow":["GET"]}}],"collection":[{"href":"https:\/\/libreriahistoriasdebolsillo.com\/index.php\/wp-json\/wp\/v2\/product"}],"about":[{"href":"https:\/\/libreriahistoriasdebolsillo.com\/index.php\/wp-json\/wp\/v2\/types\/product"}],"wp:featuredmedia":[{"embeddable":true,"href":"https:\/\/libreriahistoriasdebolsillo.com\/index.php\/wp-json\/wp\/v2\/media\/3861"}],"wp:attachment":[{"href":"https:\/\/libreriahistoriasdebolsillo.com\/index.php\/wp-json\/wp\/v2\/media?parent=3860"}],"wp:term":[{"taxonomy":"product_brand","embeddable":true,"href":"https:\/\/libreriahistoriasdebolsillo.com\/index.php\/wp-json\/wp\/v2\/product_brand?post=3860"},{"taxonomy":"product_cat","embeddable":true,"href":"https:\/\/libreriahistoriasdebolsillo.com\/index.php\/wp-json\/wp\/v2\/product_cat?post=3860"},{"taxonomy":"product_tag","embeddable":true,"href":"https:\/\/libreriahistoriasdebolsillo.com\/index.php\/wp-json\/wp\/v2\/product_tag?post=3860"}],"curies":[{"name":"wp","href":"https:\/\/api.w.org\/{rel}","templated":true}]}}