{"id":3862,"date":"2024-03-05T14:16:45","date_gmt":"2024-03-05T20:16:45","guid":{"rendered":"https:\/\/libreriahistoriasdebolsillo.com\/?post_type=product&#038;p=3862"},"modified":"2024-03-05T14:50:14","modified_gmt":"2024-03-05T20:50:14","slug":"donde-mora-la-oscuridad","status":"publish","type":"product","link":"https:\/\/libreriahistoriasdebolsillo.com\/index.php\/producto\/donde-mora-la-oscuridad\/","title":{"rendered":"Donde mora la oscuridad"},"content":{"rendered":"<p><span class=\"a-text-bold\">\u00bfQu\u00e9 oscuros secretos se esconden en el bosque de los esp\u00edritus?<\/span><\/p>\n<p><span class=\"a-text-bold\">Liska<\/span><\/p>\n<p>sabe que la magia es una abominaci\u00f3n y que quienes la practican son unos monstruos. Ella ha hecho todo cuanto est\u00e1 en su mano para reprimir sus poderes, pero las consecuencias de sus actos han sido nefastas. Desesperada por librarse de la magia, Liska huye del pueblecito donde vive y se adentra en el peligroso bosque de los esp\u00edritus; un lugar plagado de demonios donde pretende encontrar la m\u00edtica flor del helecho, puesto que arrancarla le permitir\u00e1 pedir un deseo con el que renunciar a sus poderes. Todo aquel que va en busca de dicha flor acaba sufriendo indescriptibles horrores. As\u00ed que, cuando Liska cae en las garras del Leszy, el demonio que guarda el bosque, hacer un trato con \u00e9l parece una mejor opci\u00f3n que la muerte: a cambio de la flor del helecho y su deseo, tendr\u00e1 que pasar un a\u00f1o a su servicio.<\/p>\n<p>Tras verse arrastrada a la destartalada mansi\u00f3n del Leszy, Liska no tarda en descubrir algo inquietante: no es la primera persona que hace un trato similar con el guardi\u00e1n del bosque, y todos sus predecesores han desaparecido en misteriosas circunstancias. Si Liska quiere regresar con vida a su hogar pasado el a\u00f1o, deber\u00e1 desentra\u00f1ar la mara\u00f1a de secretos de su taciturno anfitri\u00f3n y enfrentarse a los fantasmas de su pasado, tanto en sentido literal como figurado. Porque algo letal y despiadado se est\u00e1 despertando en el bosque. Incluso el Leszy lo teme\u2026 y la \u00fanica forma de derrotarlo es que Liska abrace esa versi\u00f3n monstruosa de s\u00ed misma en la que siempre ha temido convertirse.<\/p>\n","protected":false},"excerpt":{"rendered":"<p>A.B. Poranek<\/p>\n","protected":false},"featured_media":3863,"template":"","meta":{"_joinchat":[]},"product_brand":[],"product_cat":[39],"product_tag":[46],"class_list":{"0":"post-3862","1":"product","2":"type-product","3":"status-publish","4":"has-post-thumbnail","6":"product_cat-fantasia","7":"product_tag-ediciones-urano","9":"first","10":"instock","11":"shipping-taxable","12":"purchasable","13":"product-type-simple"},"_links":{"self":[{"href":"https:\/\/libreriahistoriasdebolsillo.com\/index.php\/wp-json\/wp\/v2\/product\/3862","targetHints":{"allow":["GET"]}}],"collection":[{"href":"https:\/\/libreriahistoriasdebolsillo.com\/index.php\/wp-json\/wp\/v2\/product"}],"about":[{"href":"https:\/\/libreriahistoriasdebolsillo.com\/index.php\/wp-json\/wp\/v2\/types\/product"}],"wp:featuredmedia":[{"embeddable":true,"href":"https:\/\/libreriahistoriasdebolsillo.com\/index.php\/wp-json\/wp\/v2\/media\/3863"}],"wp:attachment":[{"href":"https:\/\/libreriahistoriasdebolsillo.com\/index.php\/wp-json\/wp\/v2\/media?parent=3862"}],"wp:term":[{"taxonomy":"product_brand","embeddable":true,"href":"https:\/\/libreriahistoriasdebolsillo.com\/index.php\/wp-json\/wp\/v2\/product_brand?post=3862"},{"taxonomy":"product_cat","embeddable":true,"href":"https:\/\/libreriahistoriasdebolsillo.com\/index.php\/wp-json\/wp\/v2\/product_cat?post=3862"},{"taxonomy":"product_tag","embeddable":true,"href":"https:\/\/libreriahistoriasdebolsillo.com\/index.php\/wp-json\/wp\/v2\/product_tag?post=3862"}],"curies":[{"name":"wp","href":"https:\/\/api.w.org\/{rel}","templated":true}]}}