{"id":3865,"date":"2024-03-05T14:19:16","date_gmt":"2024-03-05T20:19:16","guid":{"rendered":"https:\/\/libreriahistoriasdebolsillo.com\/?post_type=product&#038;p=3865"},"modified":"2025-11-26T18:12:00","modified_gmt":"2025-11-27T00:12:00","slug":"la-guerra-de-los-huracanes","status":"publish","type":"product","link":"https:\/\/libreriahistoriasdebolsillo.com\/index.php\/producto\/la-guerra-de-los-huracanes\/","title":{"rendered":"La guerra de los huracanes"},"content":{"rendered":"<p><span class=\"a-text-bold\">Dos enemigos.<\/span><\/p>\n<p><span class=\"a-text-bold\">Una alianza imposible.<\/span><\/p>\n<p><span class=\"a-text-bold\">Un amor que podr\u00eda salvar su mundo&#8230; o destruirlo.<\/span><\/p>\n<p>La sombra del Imperio de la Noche se extiende a lo largo del Continente y nada es capaz de contrarrestar su poder\u00edo. Con cada a\u00f1o que pasa, la Guerra de los Huracanes resulta m\u00e1s devastadora. Y, pese a todo, una esperanza se alza en la oscuridad.<\/p>\n<p>Una luz solitaria que planta cara al imperio.<\/p>\n<p><span class=\"a-text-bold\">No te quedes sin leer una de las fantas\u00edas \u00e9picas y rom\u00e1nticas m\u00e1s impactantes de los \u00faltimos tiempos.<\/span><\/p>\n","protected":false},"excerpt":{"rendered":"<p>Thea Guanzon<\/p>\n","protected":false},"featured_media":3866,"template":"","meta":{"_joinchat":[]},"product_brand":[],"product_cat":[39,76],"product_tag":[46],"class_list":{"0":"post-3865","1":"product","2":"type-product","3":"status-publish","4":"has-post-thumbnail","6":"product_cat-fantasia","7":"product_cat-romantasy","8":"product_tag-ediciones-urano","10":"first","11":"outofstock","12":"shipping-taxable","13":"purchasable","14":"product-type-simple"},"_links":{"self":[{"href":"https:\/\/libreriahistoriasdebolsillo.com\/index.php\/wp-json\/wp\/v2\/product\/3865","targetHints":{"allow":["GET"]}}],"collection":[{"href":"https:\/\/libreriahistoriasdebolsillo.com\/index.php\/wp-json\/wp\/v2\/product"}],"about":[{"href":"https:\/\/libreriahistoriasdebolsillo.com\/index.php\/wp-json\/wp\/v2\/types\/product"}],"wp:featuredmedia":[{"embeddable":true,"href":"https:\/\/libreriahistoriasdebolsillo.com\/index.php\/wp-json\/wp\/v2\/media\/3866"}],"wp:attachment":[{"href":"https:\/\/libreriahistoriasdebolsillo.com\/index.php\/wp-json\/wp\/v2\/media?parent=3865"}],"wp:term":[{"taxonomy":"product_brand","embeddable":true,"href":"https:\/\/libreriahistoriasdebolsillo.com\/index.php\/wp-json\/wp\/v2\/product_brand?post=3865"},{"taxonomy":"product_cat","embeddable":true,"href":"https:\/\/libreriahistoriasdebolsillo.com\/index.php\/wp-json\/wp\/v2\/product_cat?post=3865"},{"taxonomy":"product_tag","embeddable":true,"href":"https:\/\/libreriahistoriasdebolsillo.com\/index.php\/wp-json\/wp\/v2\/product_tag?post=3865"}],"curies":[{"name":"wp","href":"https:\/\/api.w.org\/{rel}","templated":true}]}}