{"id":3867,"date":"2024-03-05T14:20:45","date_gmt":"2024-03-05T20:20:45","guid":{"rendered":"https:\/\/libreriahistoriasdebolsillo.com\/?post_type=product&#038;p=3867"},"modified":"2025-11-26T18:12:06","modified_gmt":"2025-11-27T00:12:06","slug":"asesina-de-dioses","status":"publish","type":"product","link":"https:\/\/libreriahistoriasdebolsillo.com\/index.php\/producto\/asesina-de-dioses\/","title":{"rendered":"Asesina de dioses"},"content":{"rendered":"<p><span class=\"a-text-bold\">NO ERES BIENVENIDA AQU\u00cd, ASESINA DE DIOSES.<\/span><\/p>\n<p>La familia de Kissen fue asesinada por los fan\u00e1ticos de una diosa del fuego. Ahora se gana la vida matando a dioses y disfruta con ello.<\/p>\n<p>Hasta que encuentra a uno con el que no puede acabar: Skedi, un dios de las mentiras piadosas que, de manera inexplicable, se ha quedado ligado a una joven noble, y ambos huyen de unos asesinos desconocidos.<\/p>\n<p>Acompa\u00f1ados por un caballero desencantado en una misi\u00f3n secreta, deber\u00e1n viajar a la ciudad en ruinas de Blenraden, donde residen los \u00faltimos dioses salvajes, para pedirles sendos favores.<\/p>\n<p>Perseguidos por demonios y con la amenaza de una guerra civil inminente, se enfrentar\u00e1n a un duro desaf\u00edo final. Hay algo corrupto en el coraz\u00f3n del reino y ellos son los \u00fanicos que pueden detenerlo.<\/p>\n","protected":false},"excerpt":{"rendered":"<p>Hannah Kaner<\/p>\n","protected":false},"featured_media":3868,"template":"","meta":{"_joinchat":[]},"product_brand":[],"product_cat":[39],"product_tag":[46],"class_list":{"0":"post-3867","1":"product","2":"type-product","3":"status-publish","4":"has-post-thumbnail","6":"product_cat-fantasia","7":"product_tag-ediciones-urano","9":"first","10":"instock","11":"shipping-taxable","12":"purchasable","13":"product-type-simple"},"_links":{"self":[{"href":"https:\/\/libreriahistoriasdebolsillo.com\/index.php\/wp-json\/wp\/v2\/product\/3867","targetHints":{"allow":["GET"]}}],"collection":[{"href":"https:\/\/libreriahistoriasdebolsillo.com\/index.php\/wp-json\/wp\/v2\/product"}],"about":[{"href":"https:\/\/libreriahistoriasdebolsillo.com\/index.php\/wp-json\/wp\/v2\/types\/product"}],"wp:featuredmedia":[{"embeddable":true,"href":"https:\/\/libreriahistoriasdebolsillo.com\/index.php\/wp-json\/wp\/v2\/media\/3868"}],"wp:attachment":[{"href":"https:\/\/libreriahistoriasdebolsillo.com\/index.php\/wp-json\/wp\/v2\/media?parent=3867"}],"wp:term":[{"taxonomy":"product_brand","embeddable":true,"href":"https:\/\/libreriahistoriasdebolsillo.com\/index.php\/wp-json\/wp\/v2\/product_brand?post=3867"},{"taxonomy":"product_cat","embeddable":true,"href":"https:\/\/libreriahistoriasdebolsillo.com\/index.php\/wp-json\/wp\/v2\/product_cat?post=3867"},{"taxonomy":"product_tag","embeddable":true,"href":"https:\/\/libreriahistoriasdebolsillo.com\/index.php\/wp-json\/wp\/v2\/product_tag?post=3867"}],"curies":[{"name":"wp","href":"https:\/\/api.w.org\/{rel}","templated":true}]}}