{"id":3869,"date":"2024-03-05T14:22:46","date_gmt":"2024-03-05T20:22:46","guid":{"rendered":"https:\/\/libreriahistoriasdebolsillo.com\/?post_type=product&#038;p=3869"},"modified":"2024-07-23T12:26:42","modified_gmt":"2024-07-23T18:26:42","slug":"saga-covenant-1-mestiza","status":"publish","type":"product","link":"https:\/\/libreriahistoriasdebolsillo.com\/index.php\/producto\/saga-covenant-1-mestiza\/","title":{"rendered":"Saga covenant 1. Mestiza"},"content":{"rendered":"<p><span class=\"a-text-bold\">LLEGA UNA NUEVA SAGA DE JENNIFER L. ARMENTROUT, AUTORA BEST SELLER DE DE SANGRE Y CENIZAS.SUM\u00c9RGETE EN UNA HISTORIA LLENA DE ACCI\u00d3N,MAGIA Y, C\u00d3MO NO, ROMANCE.<\/span><\/p>\n<p>Los Hematoi nacen de la uni\u00f3n entre mortales y dioses.<\/p>\n<p>Los puros, hijos de dos Hematoi, poseen poderes divinos.<\/p>\n<p>Pero los mestizos, fruto de la uni\u00f3n entre Hematoi y humanos, no corren la misma suerte.<\/p>\n<p>Solo tienen dos opciones: ser entrenados como Centinelas para cazar y matar daimons o convertirse en criados al servicio de los puros.<\/p>\n<p>Alexandria es mestiza y preferir\u00eda arriesgar su vida luchando que desperdiciarla limpiando inodoros, aunque, de todos modos, puede terminar viviendo como los pobres. Hay varias reglas que los estudiantes del Covenant, la academia donde se entrena a los Centinelas, deben seguir. Alex tiene serios problemas con todas ellas, especialmente con la m\u00e1s importante: las relaciones entre puros y mestizos est\u00e1n prohibidas.<\/p>\n<p>Desafortunadamente, ella est\u00e1 enamorada de Aiden, un apuesto sangre pura. Pero ese no es su mayor problema: mantenerse convida el tiempo suficiente para graduarse en el Covenant y convertirse en Centinela s\u00ed lo es. Si no cumple con su deber, se enfrenta a un futuro peor que la muerte o la esclavitud: convertirse en un daimon y ser perseguida por Aiden. Y eso ser\u00eda horrible.<\/p>\n","protected":false},"excerpt":{"rendered":"<p>Jennifer L. Armentrout<\/p>\n","protected":false},"featured_media":3870,"template":"","meta":{"_joinchat":[]},"product_brand":[],"product_cat":[39],"product_tag":[46],"class_list":{"0":"post-3869","1":"product","2":"type-product","3":"status-publish","4":"has-post-thumbnail","6":"product_cat-fantasia","7":"product_tag-ediciones-urano","9":"first","10":"outofstock","11":"shipping-taxable","12":"purchasable","13":"product-type-simple"},"_links":{"self":[{"href":"https:\/\/libreriahistoriasdebolsillo.com\/index.php\/wp-json\/wp\/v2\/product\/3869","targetHints":{"allow":["GET"]}}],"collection":[{"href":"https:\/\/libreriahistoriasdebolsillo.com\/index.php\/wp-json\/wp\/v2\/product"}],"about":[{"href":"https:\/\/libreriahistoriasdebolsillo.com\/index.php\/wp-json\/wp\/v2\/types\/product"}],"wp:featuredmedia":[{"embeddable":true,"href":"https:\/\/libreriahistoriasdebolsillo.com\/index.php\/wp-json\/wp\/v2\/media\/3870"}],"wp:attachment":[{"href":"https:\/\/libreriahistoriasdebolsillo.com\/index.php\/wp-json\/wp\/v2\/media?parent=3869"}],"wp:term":[{"taxonomy":"product_brand","embeddable":true,"href":"https:\/\/libreriahistoriasdebolsillo.com\/index.php\/wp-json\/wp\/v2\/product_brand?post=3869"},{"taxonomy":"product_cat","embeddable":true,"href":"https:\/\/libreriahistoriasdebolsillo.com\/index.php\/wp-json\/wp\/v2\/product_cat?post=3869"},{"taxonomy":"product_tag","embeddable":true,"href":"https:\/\/libreriahistoriasdebolsillo.com\/index.php\/wp-json\/wp\/v2\/product_tag?post=3869"}],"curies":[{"name":"wp","href":"https:\/\/api.w.org\/{rel}","templated":true}]}}